{"id":3836,"date":"2024-09-17T09:12:14","date_gmt":"2024-09-17T09:12:14","guid":{"rendered":"https:\/\/hanvicosaigon.com.vn\/?post_type=product&#038;p=3836"},"modified":"2025-05-29T05:40:41","modified_gmt":"2025-05-29T05:40:41","slug":"bo-ga-phu-dlt-224","status":"publish","type":"product","link":"https:\/\/hanvicosaigon.com.vn\/en\/product\/bo-ga-phu-dlt-224\/","title":{"rendered":"B\u1ed9 ga ph\u1ee7 DLT 224"},"content":{"rendered":"<h3>1. Th\u00f4ng s\u1ed1 :<\/h3>\n<p>&#8211; Ch\u1ea5t Li\u1ec7u : Tencel 40s<br \/>\n&#8211; Nh\u00e3n hi\u1ec7u: Hanvico<br \/>\n&#8211; Xu\u1ea5t x\u1ee9: Vietnam<br \/>\n&#8211; T\u00ednh n\u0103ng : M\u1ec1m,m\u00e1t,m\u1ecbn, kh\u00f4ng k\u00edch \u1ee9ng da, b\u1ec1n m\u00e0u.<br \/>\n&#8211; Phong C\u00e1ch: vi\u1ebft l\u1ea1i theo h\u00ecnh \u1ea3nh<br \/>\n&#8211; M\u00e0u S\u1eafc:<br \/>\n&#8211; S\u1eed d\u1ee5ng : tr\u1ea3i gi\u01b0\u1eddng ph\u00f2ng ng\u1ee7<\/p>\n<h3>2. Quy c\u00e1ch \u0111\u00f3ng g\u00f3i :<\/h3>\n<p><strong>&#8211; B\u00ean trong B\u1ed9 Ga B\u1ecdc Ch\u1ea7n:<\/strong><br \/>\n+ 1 ga b\u1ecdc ch\u1ea7n<br \/>\n+ 1 m\u1ec1n xu\u00e2n thu 200*220<br \/>\n+ 2 v\u1ecf g\u1ed1i n\u1eb1m 45*65<br \/>\n+ 1 v\u1ecf g\u1ed1i \u00f4m 80*100<\/p>\n<p><strong>&#8211; B\u00ean trong B\u1ed9 Ga B\u1ecdc Ch\u1ea7n:<\/strong><\/p>\n<p>+ 1 ga ph\u1ee7<br \/>\n+ 1 m\u1ec1n xu\u00e2n thu 200*220<br \/>\n+ 2 v\u1ecf g\u1ed1i n\u1eb1m 45*65<br \/>\n+ 1 v\u1ecf g\u1ed1i \u00f4m 80*100<\/p>\n<p><strong>Ch\u0103n b\u1ed1n m\u00f9a<\/strong> l\u00e0 ch\u0103n c\u00f3 th\u1ec3 d\u00f9ng \u0111\u01b0\u1ee3c c\u1ea3 4 m\u00f9a: xu\u00e2n, h\u1ea1, thu, \u0111\u00f4ng. Th\u1eddi ti\u1ebft n\u00f3ng th\u00ec ch\u0103n b\u1ed1n m\u00f9a \u0111\u00f3ng vai tr\u00f2 l\u00e0 ch\u0103n h\u00e8 thu. Th\u1eddi ti\u1ebft l\u1ea1nh v\u00e0o m\u00f9a thu &#8211; \u0111\u00f4ng, b\u1ea1n ch\u1ec9 c\u1ea7n l\u1ed3ng ru\u1ed9t ch\u0103n v\u00e0o; ch\u0103n s\u1ebd \u0111\u00f3ng vai tr\u00f2 nh\u01b0 ch\u0103n \u0111\u00f4ng. Ch\u0103n b\u1ed1n m\u00f9a g\u1ed3m 4 l\u1edbp: 2 l\u1edbp v\u1ea3i b\u00ean ngo\u00e0i, 1 l\u1edbp l\u00f3t \u0111\u01b0\u1ee3c tr\u1ea7n tr\u1ef1c ti\u1ebfp v\u00e0o 1 l\u1edbp b\u00f4ng m\u1ecfng \u0111\u1ec3 tr\u00e1nh x\u00f4 l\u1ec7ch. C\u00f3 kh\u00f3a k\u00e9o ti\u1ec7n l\u1ee3i, d\u00f9ng \u0111\u01b0\u1ee3c quanh n\u0103m.\u00a0 C\u00e1c h\u1ecda ti\u1ebft tr\u00ean ch\u0103n 4 m\u00f9a c\u0169ng v\u00f4 c\u00f9ng \u0111a d\u1ea1ng, m\u00e0u s\u1eafc phong ph\u00fa.<\/p>\n<p>&nbsp;<\/p>\n<p>&#8211; B\u00ean ngo\u00e0i :<br \/>\n&#8211; K\u00edch th\u01b0\u1edbc bao b\u00ec: 55*45*17cm<br \/>\n&#8211; \u0110\u01a1n v\u1ecb : B\u1ed9<\/p>","protected":false},"excerpt":{"rendered":"<p>1. Th\u00f4ng s\u1ed1 : &#8211; Ch\u1ea5t Li\u1ec7u : Tencel 40s &#8211; Nh\u00e3n hi\u1ec7u: Hanvico &#8211; Xu\u1ea5t x\u1ee9: Vietnam &#8211; T\u00ednh n\u0103ng : M\u1ec1m,m\u00e1t,m\u1ecbn, kh\u00f4ng k\u00edch \u1ee9ng da, b\u1ec1n m\u00e0u. &#8211; Phong C\u00e1ch: vi\u1ebft l\u1ea1i theo h\u00ecnh \u1ea3nh &#8211; M\u00e0u S\u1eafc: &#8211; S\u1eed d\u1ee5ng : tr\u1ea3i gi\u01b0\u1eddng ph\u00f2ng ng\u1ee7 2. Quy c\u00e1ch \u0111\u00f3ng g\u00f3i : &#8211; [&#8230;]","protected":false},"featured_media":3873,"comment_status":"open","ping_status":"closed","template":"","meta":[],"product_cat":[34,113],"product_tag":[],"class_list":{"0":"post-3836","1":"product","2":"type-product","3":"status-publish","4":"has-post-thumbnail","6":"product_cat-danh-cho-to-am","7":"product_cat-dlt-chan-ga","9":"first","10":"instock","11":"shipping-taxable","12":"purchasable","13":"product-type-variable"},"_links":{"self":[{"href":"https:\/\/hanvicosaigon.com.vn\/en\/wp-json\/wp\/v2\/product\/3836","targetHints":{"allow":["GET"]}}],"collection":[{"href":"https:\/\/hanvicosaigon.com.vn\/en\/wp-json\/wp\/v2\/product"}],"about":[{"href":"https:\/\/hanvicosaigon.com.vn\/en\/wp-json\/wp\/v2\/types\/product"}],"replies":[{"embeddable":true,"href":"https:\/\/hanvicosaigon.com.vn\/en\/wp-json\/wp\/v2\/comments?post=3836"}],"wp:featuredmedia":[{"embeddable":true,"href":"https:\/\/hanvicosaigon.com.vn\/en\/wp-json\/wp\/v2\/media\/3873"}],"wp:attachment":[{"href":"https:\/\/hanvicosaigon.com.vn\/en\/wp-json\/wp\/v2\/media?parent=3836"}],"wp:term":[{"taxonomy":"product_cat","embeddable":true,"href":"https:\/\/hanvicosaigon.com.vn\/en\/wp-json\/wp\/v2\/product_cat?post=3836"},{"taxonomy":"product_tag","embeddable":true,"href":"https:\/\/hanvicosaigon.com.vn\/en\/wp-json\/wp\/v2\/product_tag?post=3836"}],"curies":[{"name":"wp","href":"https:\/\/api.w.org\/{rel}","templated":true}]}}