{"id":2483,"date":"2024-07-10T16:03:31","date_gmt":"2024-07-10T16:03:31","guid":{"rendered":"https:\/\/hanvicosaigon.com.vn\/?post_type=product&#038;p=2483"},"modified":"2024-07-27T15:58:22","modified_gmt":"2024-07-27T15:58:22","slug":"ke-giuong-d9","status":"publish","type":"product","link":"https:\/\/hanvicosaigon.com.vn\/en\/product\/ke-giuong-d9\/","title":{"rendered":"K\u1ec7 gi\u01b0\u1eddng D9"},"content":{"rendered":"<p>\u2013 S\u1eed d\u1ee5ng g\u1ed7 th\u00f4ng v\u00e0 g\u1ed7 Tex nh\u1eadp kh\u1ea9u, x\u1eed l\u00fd m\u1ed7i m\u1ecdt, \u1ea9m v\u00e0 cong v\u00eanh.<br \/>\n\u2013 Nguy\u00ean li\u1ec7u l\u1edbp ngo\u00e0i s\u1eed d\u1ee5ng v\u1ea3i g\u1ea5m CPS kh\u00e1ng khu\u1ea9n, ch\u1eadm ch\u00e1y.<br \/>\n\u2013 S\u1ea3n ph\u1ea9m \u0111i\u1ec1u ch\u1ec9nh \u0111\u1ed9 cao c\u1ee7a ch\u00e2n k\u1ec7 t\u1eeb 20 \u0111\u1ebfn 40 cm.<br \/>\n\u2013 S\u1ea3n ph\u1ea9m \u0111a d\u1ea1ng, phong ph\u00fa v\u1ec1 thi\u1ebft k\u1ebf v\u00e0 m\u1eabu m\u00e3,\u2026<br \/>\n\u2013 H\u1ec7 th\u1ed1ng ch\u00e2n, b\u00e1nh xe c\u00f3 kh\u1ea3 n\u0103ng \u0111i\u1ec1u ch\u1ec9nh c\u00e1c g\u00f3c \u0111\u1ed9<\/p>","protected":false},"excerpt":{"rendered":"<p>\u2013 S\u1eed d\u1ee5ng g\u1ed7 th\u00f4ng v\u00e0 g\u1ed7 Tex nh\u1eadp kh\u1ea9u, x\u1eed l\u00fd m\u1ed7i m\u1ecdt, \u1ea9m v\u00e0 cong v\u00eanh. \u2013 Nguy\u00ean li\u1ec7u l\u1edbp ngo\u00e0i s\u1eed d\u1ee5ng v\u1ea3i g\u1ea5m CPS kh\u00e1ng khu\u1ea9n, ch\u1eadm ch\u00e1y. \u2013 S\u1ea3n ph\u1ea9m \u0111i\u1ec1u ch\u1ec9nh \u0111\u1ed9 cao c\u1ee7a ch\u00e2n k\u1ec7 t\u1eeb 20 \u0111\u1ebfn 40 cm. \u2013 S\u1ea3n ph\u1ea9m \u0111a d\u1ea1ng, phong ph\u00fa v\u1ec1 [&#8230;]","protected":false},"featured_media":2498,"comment_status":"open","ping_status":"closed","template":"","meta":[],"product_cat":[34,95,103],"product_tag":[],"class_list":{"0":"post-2483","1":"product","2":"type-product","3":"status-publish","4":"has-post-thumbnail","6":"product_cat-danh-cho-to-am","7":"product_cat-ke-giuong","8":"product_cat-ke-giuong-go","10":"first","11":"instock","12":"shipping-taxable","13":"purchasable","14":"product-type-variable"},"_links":{"self":[{"href":"https:\/\/hanvicosaigon.com.vn\/en\/wp-json\/wp\/v2\/product\/2483","targetHints":{"allow":["GET"]}}],"collection":[{"href":"https:\/\/hanvicosaigon.com.vn\/en\/wp-json\/wp\/v2\/product"}],"about":[{"href":"https:\/\/hanvicosaigon.com.vn\/en\/wp-json\/wp\/v2\/types\/product"}],"replies":[{"embeddable":true,"href":"https:\/\/hanvicosaigon.com.vn\/en\/wp-json\/wp\/v2\/comments?post=2483"}],"wp:featuredmedia":[{"embeddable":true,"href":"https:\/\/hanvicosaigon.com.vn\/en\/wp-json\/wp\/v2\/media\/2498"}],"wp:attachment":[{"href":"https:\/\/hanvicosaigon.com.vn\/en\/wp-json\/wp\/v2\/media?parent=2483"}],"wp:term":[{"taxonomy":"product_cat","embeddable":true,"href":"https:\/\/hanvicosaigon.com.vn\/en\/wp-json\/wp\/v2\/product_cat?post=2483"},{"taxonomy":"product_tag","embeddable":true,"href":"https:\/\/hanvicosaigon.com.vn\/en\/wp-json\/wp\/v2\/product_tag?post=2483"}],"curies":[{"name":"wp","href":"https:\/\/api.w.org\/{rel}","templated":true}]}}