{"id":2219,"date":"2024-07-10T11:21:17","date_gmt":"2024-07-10T11:21:17","guid":{"rendered":"https:\/\/hanvicosaigon.com.vn\/?post_type=product&#038;p=2219"},"modified":"2024-12-04T04:11:35","modified_gmt":"2024-12-04T04:11:35","slug":"bo-ga-phu-bsm-103","status":"publish","type":"product","link":"https:\/\/hanvicosaigon.com.vn\/en\/product\/bo-ga-phu-bsm-103\/","title":{"rendered":"B\u1ed9 ga ph\u1ee7 BSM 103"},"content":{"rendered":"<h3>1. Th\u00f4ng s\u1ed1 :<\/h3>\n<p>&#8211; Ch\u1ea5t Li\u1ec7u : 100% cotton<br \/>\n&#8211; Nh\u00e3n hi\u1ec7u: Hanvico<br \/>\n&#8211; Xu\u1ea5t x\u1ee9: Vietnam<br \/>\n&#8211; T\u00ednh n\u0103ng : M\u1ec1m,m\u00e1t,m\u1ecbn, kh\u00f4ng k\u00edch \u1ee9ng da, b\u1ec1n m\u00e0u.<br \/>\n&#8211; Phong C\u00e1ch: vi\u1ebft l\u1ea1i theo h\u00ecnh \u1ea3nh<br \/>\n&#8211; M\u00e0u S\u1eafc: vi\u1ebft l\u1ea1i theo h\u00ecnh \u1ea3nh<br \/>\n&#8211; S\u1eed d\u1ee5ng : tr\u1ea3i gi\u01b0\u1eddng ph\u00f2ng ng\u1ee7<\/p>\n<h3>2. Quy c\u00e1ch \u0111\u00f3ng g\u00f3i :<\/h3>\n<p>&#8211; B\u00ean trong :<br \/>\n+ 1 ga ph\u1ee7 : vi\u1ebft l\u1ea1i theo s\u1ea3n ph\u1ea9m<br \/>\n+ 1 m\u1ec1n h\u00e8 200*220<br \/>\n+ 2 v\u1ecf g\u1ed1i n\u1eb1m 45*65<br \/>\n+ 1 v\u1ecf g\u1ed1i \u00f4m 80*100<br \/>\n&#8211; B\u00ean ngo\u00e0i :<br \/>\n&#8211; K\u00edch th\u01b0\u1edbc bao b\u00ec: 55*45*17cm<br \/>\n&#8211; \u0110\u01a1n v\u1ecb : B\u1ed9<\/p>\n<p>&nbsp;<\/p>\n<p>&nbsp;<\/p>\n<p>&nbsp;<\/p>\n<p>&nbsp;<\/p>\n<p>&nbsp;<\/p>","protected":false},"excerpt":{"rendered":"<p>1. Th\u00f4ng s\u1ed1 : &#8211; Ch\u1ea5t Li\u1ec7u : 100% cotton &#8211; Nh\u00e3n hi\u1ec7u: Hanvico &#8211; Xu\u1ea5t x\u1ee9: Vietnam &#8211; T\u00ednh n\u0103ng : M\u1ec1m,m\u00e1t,m\u1ecbn, kh\u00f4ng k\u00edch \u1ee9ng da, b\u1ec1n m\u00e0u. &#8211; Phong C\u00e1ch: vi\u1ebft l\u1ea1i theo h\u00ecnh \u1ea3nh &#8211; M\u00e0u S\u1eafc: vi\u1ebft l\u1ea1i theo h\u00ecnh \u1ea3nh &#8211; S\u1eed d\u1ee5ng : tr\u1ea3i gi\u01b0\u1eddng ph\u00f2ng ng\u1ee7 2. Quy [&#8230;]","protected":false},"featured_media":2566,"comment_status":"open","ping_status":"closed","template":"","meta":[],"product_cat":[90,34],"product_tag":[],"class_list":{"0":"post-2219","1":"product","2":"type-product","3":"status-publish","4":"has-post-thumbnail","6":"product_cat-bsm","7":"product_cat-danh-cho-to-am","9":"first","10":"instock","11":"shipping-taxable","12":"purchasable","13":"product-type-variable"},"_links":{"self":[{"href":"https:\/\/hanvicosaigon.com.vn\/en\/wp-json\/wp\/v2\/product\/2219","targetHints":{"allow":["GET"]}}],"collection":[{"href":"https:\/\/hanvicosaigon.com.vn\/en\/wp-json\/wp\/v2\/product"}],"about":[{"href":"https:\/\/hanvicosaigon.com.vn\/en\/wp-json\/wp\/v2\/types\/product"}],"replies":[{"embeddable":true,"href":"https:\/\/hanvicosaigon.com.vn\/en\/wp-json\/wp\/v2\/comments?post=2219"}],"wp:featuredmedia":[{"embeddable":true,"href":"https:\/\/hanvicosaigon.com.vn\/en\/wp-json\/wp\/v2\/media\/2566"}],"wp:attachment":[{"href":"https:\/\/hanvicosaigon.com.vn\/en\/wp-json\/wp\/v2\/media?parent=2219"}],"wp:term":[{"taxonomy":"product_cat","embeddable":true,"href":"https:\/\/hanvicosaigon.com.vn\/en\/wp-json\/wp\/v2\/product_cat?post=2219"},{"taxonomy":"product_tag","embeddable":true,"href":"https:\/\/hanvicosaigon.com.vn\/en\/wp-json\/wp\/v2\/product_tag?post=2219"}],"curies":[{"name":"wp","href":"https:\/\/api.w.org\/{rel}","templated":true}]}}