{"id":2153,"date":"2024-07-08T08:37:58","date_gmt":"2024-07-08T08:37:58","guid":{"rendered":"https:\/\/hanvicosaigon.com.vn\/?post_type=product&#038;p=2153"},"modified":"2024-07-27T15:28:21","modified_gmt":"2024-07-27T15:28:21","slug":"nem-lo-xo-tui-rosabella","status":"publish","type":"product","link":"https:\/\/hanvicosaigon.com.vn\/en\/product\/nem-lo-xo-tui-rosabella\/","title":{"rendered":"N\u1ec7m l\u00f2 xo t\u00fai Rosabella"},"content":{"rendered":"<p>Nh\u00e3n hi\u1ec7u : Hanvico<br \/>\nXu\u1ea5t x\u1ee9 : Vi\u1ec7t Nam<br \/>\nCh\u1ea5t li\u1ec7u : L\u00f2 xo t\u00fai \u0111\u1ed9c l\u1eadp<br \/>\n+ Ch\u1ea5t li\u1ec7u v\u1ea3i tencel<br \/>\n+L\u1edbp b\u1ea3o v\u1ec7 k\u00e9p d\u00e0nh ri\u00eang cho l\u00f5i l\u00f2 xo<br \/>\n+L\u1edbp cao su latex si\u00eau m\u1ec1m<br \/>\n+ Th\u00e0nh \u0111\u1ec7m k\u1ebft c\u1ea5u b\u1eb1ng m\u00fat ch\u1ecbu l\u1ef1c cao c\u1ea5p, Foam c\u01b0\u1eddng l\u1ef1c t\u1ea1o \u0111\u1ed9 n\u1ea9y v\u00e0 \u1ed5n \u0111\u1ecbnh cho \u0111\u1ec7m, M\u1eb7t m\u00f9a h\u00e8 tho\u00e1ng m\u00e1t; m\u1eb7t m\u00f9a \u0111\u00f4ng \u00eam \u1ea5m, B\u1ec1 m\u1eb7t c\u00f3 th\u1ec3 th\u00e1o r\u1eddi, C\u00f4ng ngh\u1ec7 b\u00f4ng ch\u1ed1ng khu\u1ea9n, C\u00f4ng ngh\u1ec7 ch\u1ed1ng th\u1ea5m, C\u00f4ng ngh\u1ec7 l\u1edbp v\u1ea3i 3D si\u00eau th\u00f4ng tho\u00e1ng<br \/>\n+ B\u1ea3o h\u00e0nh: 10 n\u0103m cho khung l\u00f5i l\u00f2 xo<\/p>","protected":false},"excerpt":{"rendered":"<p>Nh\u00e3n hi\u1ec7u : Hanvico Xu\u1ea5t x\u1ee9 : Vi\u1ec7t Nam Ch\u1ea5t li\u1ec7u : L\u00f2 xo t\u00fai \u0111\u1ed9c l\u1eadp + Ch\u1ea5t li\u1ec7u v\u1ea3i tencel +L\u1edbp b\u1ea3o v\u1ec7 k\u00e9p d\u00e0nh ri\u00eang cho l\u00f5i l\u00f2 xo +L\u1edbp cao su latex si\u00eau m\u1ec1m + Th\u00e0nh \u0111\u1ec7m k\u1ebft c\u1ea5u b\u1eb1ng m\u00fat ch\u1ecbu l\u1ef1c cao c\u1ea5p, Foam c\u01b0\u1eddng l\u1ef1c t\u1ea1o \u0111\u1ed9 n\u1ea9y [&#8230;]","protected":false},"featured_media":2454,"comment_status":"open","ping_status":"closed","template":"","meta":[],"product_cat":[34,86],"product_tag":[],"class_list":{"0":"post-2153","1":"product","2":"type-product","3":"status-publish","4":"has-post-thumbnail","6":"product_cat-danh-cho-to-am","7":"product_cat-nem-lo-xo","9":"first","10":"instock","11":"shipping-taxable","12":"purchasable","13":"product-type-variable"},"_links":{"self":[{"href":"https:\/\/hanvicosaigon.com.vn\/en\/wp-json\/wp\/v2\/product\/2153","targetHints":{"allow":["GET"]}}],"collection":[{"href":"https:\/\/hanvicosaigon.com.vn\/en\/wp-json\/wp\/v2\/product"}],"about":[{"href":"https:\/\/hanvicosaigon.com.vn\/en\/wp-json\/wp\/v2\/types\/product"}],"replies":[{"embeddable":true,"href":"https:\/\/hanvicosaigon.com.vn\/en\/wp-json\/wp\/v2\/comments?post=2153"}],"wp:featuredmedia":[{"embeddable":true,"href":"https:\/\/hanvicosaigon.com.vn\/en\/wp-json\/wp\/v2\/media\/2454"}],"wp:attachment":[{"href":"https:\/\/hanvicosaigon.com.vn\/en\/wp-json\/wp\/v2\/media?parent=2153"}],"wp:term":[{"taxonomy":"product_cat","embeddable":true,"href":"https:\/\/hanvicosaigon.com.vn\/en\/wp-json\/wp\/v2\/product_cat?post=2153"},{"taxonomy":"product_tag","embeddable":true,"href":"https:\/\/hanvicosaigon.com.vn\/en\/wp-json\/wp\/v2\/product_tag?post=2153"}],"curies":[{"name":"wp","href":"https:\/\/api.w.org\/{rel}","templated":true}]}}