{"id":2146,"date":"2024-07-08T08:29:25","date_gmt":"2024-07-08T08:29:25","guid":{"rendered":"https:\/\/hanvicosaigon.com.vn\/?post_type=product&#038;p=2146"},"modified":"2024-07-27T15:27:20","modified_gmt":"2024-07-27T15:27:20","slug":"nem-lo-xo-cao-cap-xavia","status":"publish","type":"product","link":"https:\/\/hanvicosaigon.com.vn\/en\/product\/nem-lo-xo-cao-cap-xavia\/","title":{"rendered":"N\u1ec7m l\u00f2 xo cao c\u1ea5p Xavia"},"content":{"rendered":"<p>Nh\u00e3n hi\u1ec7u : Hanvico<br \/>\nXu\u1ea5t x\u1ee9 : Vi\u1ec7t Nam<br \/>\nCh\u1ea5t li\u1ec7u : L\u00f2 xo t\u00fai \u0111\u1ed9c l\u1eadp<br \/>\n+ Foam c\u01b0\u1eddng l\u1ef1c t\u1ea1o \u0111\u1ed9 n\u1ea9y v\u00e0 \u1ed5n \u0111\u1ecbnh cho \u0111\u1ec7m<br \/>\n+C\u00f4ng ngh\u1ec7 b\u00f4ng nano ch\u1ed1ng khu\u1ea9n<br \/>\n+L\u1edbp b\u1ea3o v\u1ec7 k\u00e9p d\u00e0nh ri\u00eang cho l\u00f5i l\u00f2 xo<br \/>\n+ V\u1ea3i ch\u1ed1ng ch\u00e1y, Ch\u1ed1ng m\u00f9i v\u00e0 n\u1ea5m m\u1ed1c<br \/>\n+ N\u00e2ng \u0111\u1ee1 c\u1ed9t s\u1ed1ng, kh\u00f4ng g\u00e2y \u0111au l\u01b0ng. H\u1ed7 tr\u1ee3 tu\u1ea7n ho\u00e0n m\u00e1u<br \/>\n+ B\u1ea3o h\u00e0nh: 10 n\u0103m cho khung l\u00f5i l\u00f2 xo<\/p>","protected":false},"excerpt":{"rendered":"<p>Nh\u00e3n hi\u1ec7u : Hanvico Xu\u1ea5t x\u1ee9 : Vi\u1ec7t Nam Ch\u1ea5t li\u1ec7u : L\u00f2 xo t\u00fai \u0111\u1ed9c l\u1eadp + Foam c\u01b0\u1eddng l\u1ef1c t\u1ea1o \u0111\u1ed9 n\u1ea9y v\u00e0 \u1ed5n \u0111\u1ecbnh cho \u0111\u1ec7m +C\u00f4ng ngh\u1ec7 b\u00f4ng nano ch\u1ed1ng khu\u1ea9n +L\u1edbp b\u1ea3o v\u1ec7 k\u00e9p d\u00e0nh ri\u00eang cho l\u00f5i l\u00f2 xo + V\u1ea3i ch\u1ed1ng ch\u00e1y, Ch\u1ed1ng m\u00f9i v\u00e0 n\u1ea5m m\u1ed1c + [&#8230;]","protected":false},"featured_media":2431,"comment_status":"open","ping_status":"closed","template":"","meta":[],"product_cat":[34,86],"product_tag":[],"class_list":{"0":"post-2146","1":"product","2":"type-product","3":"status-publish","4":"has-post-thumbnail","6":"product_cat-danh-cho-to-am","7":"product_cat-nem-lo-xo","9":"first","10":"instock","11":"shipping-taxable","12":"purchasable","13":"product-type-variable"},"_links":{"self":[{"href":"https:\/\/hanvicosaigon.com.vn\/en\/wp-json\/wp\/v2\/product\/2146","targetHints":{"allow":["GET"]}}],"collection":[{"href":"https:\/\/hanvicosaigon.com.vn\/en\/wp-json\/wp\/v2\/product"}],"about":[{"href":"https:\/\/hanvicosaigon.com.vn\/en\/wp-json\/wp\/v2\/types\/product"}],"replies":[{"embeddable":true,"href":"https:\/\/hanvicosaigon.com.vn\/en\/wp-json\/wp\/v2\/comments?post=2146"}],"wp:featuredmedia":[{"embeddable":true,"href":"https:\/\/hanvicosaigon.com.vn\/en\/wp-json\/wp\/v2\/media\/2431"}],"wp:attachment":[{"href":"https:\/\/hanvicosaigon.com.vn\/en\/wp-json\/wp\/v2\/media?parent=2146"}],"wp:term":[{"taxonomy":"product_cat","embeddable":true,"href":"https:\/\/hanvicosaigon.com.vn\/en\/wp-json\/wp\/v2\/product_cat?post=2146"},{"taxonomy":"product_tag","embeddable":true,"href":"https:\/\/hanvicosaigon.com.vn\/en\/wp-json\/wp\/v2\/product_tag?post=2146"}],"curies":[{"name":"wp","href":"https:\/\/api.w.org\/{rel}","templated":true}]}}