{"id":2144,"date":"2024-07-08T08:27:17","date_gmt":"2024-07-08T08:27:17","guid":{"rendered":"https:\/\/hanvicosaigon.com.vn\/?post_type=product&#038;p=2144"},"modified":"2024-07-27T15:27:20","modified_gmt":"2024-07-27T15:27:20","slug":"nem-lo-xo-cao-cap-dominic","status":"publish","type":"product","link":"https:\/\/hanvicosaigon.com.vn\/en\/product\/nem-lo-xo-cao-cap-dominic\/","title":{"rendered":"N\u1ec7m l\u00f2 xo cao c\u1ea5p Dominic"},"content":{"rendered":"<p>Nh\u00e3n hi\u1ec7u : Hanvico<br \/>\nXu\u1ea5t x\u1ee9 : Vi\u1ec7t Nam<br \/>\nCh\u1ea5t li\u1ec7u : L\u00f2 xo t\u00fai \u0111\u1ed9c l\u1eadp<br \/>\n+L\u1edbp b\u1ea3o v\u1ec7 k\u00e9p d\u00e0nh ri\u00eang cho l\u00f5i l\u00f2 xo<br \/>\n+\u0110\u1ec7m \u0111\u01b0\u1ee3c c\u1ea5u t\u1ea1o v\u1edbi l\u1edbp v\u1ecf b\u1ecdc b\u00ean ngo\u00e0i v\u00e0 l\u00f2 xo d\u1ea1ng xo\u1eafn \u1edf b\u00ean trong \u0111\u01b0\u1ee3c l\u00e0m t\u1eeb th\u00e9p kh\u00f4ng g\u1ec9<br \/>\n+ Cao su cao c\u1ea5p nh\u1eadp kh\u1ea9u nguy\u00ean t\u1ea5m, mang \u0111\u1ebfn s\u1ef1 m\u1ec1m m\u1ea1i v\u00e0 \u0111\u00e0n h\u1ed3i v\u01b0\u1ee3t b\u1eadc<br \/>\n+ c\u00f3 \u0111\u1ed9 ch\u1ecbu l\u1ef1c t\u1ed1t, \u0111\u00e0n h\u1ed3i cao.<br \/>\n+ Th\u00e0nh \u0111\u1ec7m k\u1ebft c\u1ea5u b\u1eb1ng m\u00fat ch\u1ecbu l\u1ef1c cao c\u1ea5p<br \/>\n+ Foam c\u01b0\u1eddng l\u1ef1c t\u1ea1o \u0111\u1ed9 n\u1ea9y v\u00e0 \u1ed5n \u0111\u1ecbnh cho \u0111\u1ec7m<br \/>\n+ Th\u00e0nh \u0111\u1ec7m k\u1ebft c\u1ea5u b\u1eb1ng m\u00fat ch\u1ecbu l\u1ef1c cao c\u1ea5p.<br \/>\n+ B\u1ea3o h\u00e0nh: 10 n\u0103m cho khung l\u00f5i l\u00f2 xo<\/p>","protected":false},"excerpt":{"rendered":"<p>Nh\u00e3n hi\u1ec7u : Hanvico Xu\u1ea5t x\u1ee9 : Vi\u1ec7t Nam Ch\u1ea5t li\u1ec7u : L\u00f2 xo t\u00fai \u0111\u1ed9c l\u1eadp +L\u1edbp b\u1ea3o v\u1ec7 k\u00e9p d\u00e0nh ri\u00eang cho l\u00f5i l\u00f2 xo +\u0110\u1ec7m \u0111\u01b0\u1ee3c c\u1ea5u t\u1ea1o v\u1edbi l\u1edbp v\u1ecf b\u1ecdc b\u00ean ngo\u00e0i v\u00e0 l\u00f2 xo d\u1ea1ng xo\u1eafn \u1edf b\u00ean trong \u0111\u01b0\u1ee3c l\u00e0m t\u1eeb th\u00e9p kh\u00f4ng g\u1ec9 + Cao su cao [&#8230;]","protected":false},"featured_media":2418,"comment_status":"open","ping_status":"closed","template":"","meta":[],"product_cat":[34,86],"product_tag":[],"class_list":{"0":"post-2144","1":"product","2":"type-product","3":"status-publish","4":"has-post-thumbnail","6":"product_cat-danh-cho-to-am","7":"product_cat-nem-lo-xo","9":"first","10":"instock","11":"shipping-taxable","12":"purchasable","13":"product-type-variable"},"_links":{"self":[{"href":"https:\/\/hanvicosaigon.com.vn\/en\/wp-json\/wp\/v2\/product\/2144","targetHints":{"allow":["GET"]}}],"collection":[{"href":"https:\/\/hanvicosaigon.com.vn\/en\/wp-json\/wp\/v2\/product"}],"about":[{"href":"https:\/\/hanvicosaigon.com.vn\/en\/wp-json\/wp\/v2\/types\/product"}],"replies":[{"embeddable":true,"href":"https:\/\/hanvicosaigon.com.vn\/en\/wp-json\/wp\/v2\/comments?post=2144"}],"wp:featuredmedia":[{"embeddable":true,"href":"https:\/\/hanvicosaigon.com.vn\/en\/wp-json\/wp\/v2\/media\/2418"}],"wp:attachment":[{"href":"https:\/\/hanvicosaigon.com.vn\/en\/wp-json\/wp\/v2\/media?parent=2144"}],"wp:term":[{"taxonomy":"product_cat","embeddable":true,"href":"https:\/\/hanvicosaigon.com.vn\/en\/wp-json\/wp\/v2\/product_cat?post=2144"},{"taxonomy":"product_tag","embeddable":true,"href":"https:\/\/hanvicosaigon.com.vn\/en\/wp-json\/wp\/v2\/product_tag?post=2144"}],"curies":[{"name":"wp","href":"https:\/\/api.w.org\/{rel}","templated":true}]}}