{"id":2143,"date":"2024-07-08T08:26:16","date_gmt":"2024-07-08T08:26:16","guid":{"rendered":"https:\/\/hanvicosaigon.com.vn\/?post_type=product&#038;p=2143"},"modified":"2024-07-27T15:27:20","modified_gmt":"2024-07-27T15:27:20","slug":"nem-lo-xo-cao-cap-jocasta-25cm","status":"publish","type":"product","link":"https:\/\/hanvicosaigon.com.vn\/en\/product\/nem-lo-xo-cao-cap-jocasta-25cm\/","title":{"rendered":"N\u1ec7m l\u00f2 xo cao c\u1ea5p Jocasta 25cm"},"content":{"rendered":"<p>Nh\u00e3n hi\u1ec7u : Hanvico<br \/>\nXu\u1ea5t x\u1ee9 : Vi\u1ec7t Nam<br \/>\nCh\u1ea5t li\u1ec7u : L\u00f2 xo t\u00fai \u0111\u1ed9c l\u1eadp<br \/>\n+ B\u1ec1 m\u1eb7t c\u1ee7a \u0111\u1ec7m l\u00f2 xo t\u00fai Jocasta \u0111\u01b0\u1ee3c b\u1ecdc b\u1edfi l\u1edbp v\u1ea3i Tencel l\u00e0 ch\u1ea5t li\u1ec7u v\u1ea3i sinh h\u1ecdc \u0111\u01b0\u1ee3c chi\u1ebft xu\u1ea5t t\u1eeb nh\u1eefng c\u00e2y g\u1ed7 thi\u00ean nhi\u00ean c\u00f3 h\u00e0m l\u01b0\u1ee3ng cenllulo cao nh\u01b0 b\u1ea1ch \u0111\u00e0n, khuynh di\u1ec7p<br \/>\n+V\u1ea3i ch\u1ed1ng ch\u00e1y, t\u0103ng \u0111\u1ed9 an to\u00e0n cho b\u1ea1n v\u00e0 gia \u0111\u00ecnh khi c\u00f3 s\u1ef1 c\u1ed1 ch\u00e1y n\u1ed5<br \/>\n+ s\u1eed d\u1ee5ng c\u00f4ng ngh\u1ec7 nano kh\u00e1ng khu\u1ea9n<br \/>\n+ c\u00f3 \u0111\u1ed9 ch\u1ecbu l\u1ef1c t\u1ed1t, \u0111\u00e0n h\u1ed3i cao.<br \/>\n+ Th\u00e0nh \u0111\u1ec7m k\u1ebft c\u1ea5u b\u1eb1ng m\u00fat ch\u1ecbu l\u1ef1c cao c\u1ea5p<br \/>\n+ \u0111\u01b0\u1ee3c s\u1ea3n xu\u1ea5t t\u1eeb Foam cao c\u1ea5p v\u00e0 l\u1edbp cao su latex thi\u00ean nhi\u00ean \u0111\u01b0\u1ee3c ph\u1ee7 b\u00ean tr\u00ean gi\u00fap t\u1ea1o \u0111\u1ed5 n\u1ea3y v\u00e0 \u1ed5n \u0111\u1ecbnh cho \u0111\u1ec7m<br \/>\n+ B\u1ea3o h\u00e0nh: 10 n\u0103m cho khung l\u00f5i l\u00f2 xo<\/p>","protected":false},"excerpt":{"rendered":"<p>Nh\u00e3n hi\u1ec7u : Hanvico Xu\u1ea5t x\u1ee9 : Vi\u1ec7t Nam Ch\u1ea5t li\u1ec7u : L\u00f2 xo t\u00fai \u0111\u1ed9c l\u1eadp + B\u1ec1 m\u1eb7t c\u1ee7a \u0111\u1ec7m l\u00f2 xo t\u00fai Jocasta \u0111\u01b0\u1ee3c b\u1ecdc b\u1edfi l\u1edbp v\u1ea3i Tencel l\u00e0 ch\u1ea5t li\u1ec7u v\u1ea3i sinh h\u1ecdc \u0111\u01b0\u1ee3c chi\u1ebft xu\u1ea5t t\u1eeb nh\u1eefng c\u00e2y g\u1ed7 thi\u00ean nhi\u00ean c\u00f3 h\u00e0m l\u01b0\u1ee3ng cenllulo cao nh\u01b0 b\u1ea1ch \u0111\u00e0n, [&#8230;]","protected":false},"featured_media":2411,"comment_status":"open","ping_status":"closed","template":"","meta":[],"product_cat":[34,86],"product_tag":[],"class_list":{"0":"post-2143","1":"product","2":"type-product","3":"status-publish","4":"has-post-thumbnail","6":"product_cat-danh-cho-to-am","7":"product_cat-nem-lo-xo","9":"first","10":"instock","11":"shipping-taxable","12":"purchasable","13":"product-type-variable"},"_links":{"self":[{"href":"https:\/\/hanvicosaigon.com.vn\/en\/wp-json\/wp\/v2\/product\/2143","targetHints":{"allow":["GET"]}}],"collection":[{"href":"https:\/\/hanvicosaigon.com.vn\/en\/wp-json\/wp\/v2\/product"}],"about":[{"href":"https:\/\/hanvicosaigon.com.vn\/en\/wp-json\/wp\/v2\/types\/product"}],"replies":[{"embeddable":true,"href":"https:\/\/hanvicosaigon.com.vn\/en\/wp-json\/wp\/v2\/comments?post=2143"}],"wp:featuredmedia":[{"embeddable":true,"href":"https:\/\/hanvicosaigon.com.vn\/en\/wp-json\/wp\/v2\/media\/2411"}],"wp:attachment":[{"href":"https:\/\/hanvicosaigon.com.vn\/en\/wp-json\/wp\/v2\/media?parent=2143"}],"wp:term":[{"taxonomy":"product_cat","embeddable":true,"href":"https:\/\/hanvicosaigon.com.vn\/en\/wp-json\/wp\/v2\/product_cat?post=2143"},{"taxonomy":"product_tag","embeddable":true,"href":"https:\/\/hanvicosaigon.com.vn\/en\/wp-json\/wp\/v2\/product_tag?post=2143"}],"curies":[{"name":"wp","href":"https:\/\/api.w.org\/{rel}","templated":true}]}}