{"id":2111,"date":"2024-07-05T13:43:50","date_gmt":"2024-07-05T13:43:50","guid":{"rendered":"https:\/\/hanvicosaigon.com.vn\/?post_type=product&#038;p=2111"},"modified":"2024-07-27T15:33:45","modified_gmt":"2024-07-27T15:33:45","slug":"nem-legend-latex","status":"publish","type":"product","link":"https:\/\/hanvicosaigon.com.vn\/en\/product\/nem-legend-latex\/","title":{"rendered":"N\u1ec7m Legend Latex"},"content":{"rendered":"<p>&#8211; Nh\u00e3n hi\u1ec7u : Hanvico<br \/>\n&#8211; Xu\u1ea5t x\u1ee9 : Vi\u1ec7t Nam<br \/>\n&#8211; Ch\u1ea5t li\u1ec7u : Cao su thi\u00ean nhi\u00ean<br \/>\n&#8211; K\u1ebft c\u1ea5u :<br \/>\n+ V\u1ecf b\u1ecdc \u0111\u1ec7m :<br \/>\n+ L\u00f5i \u0111\u1ec7m : Foam cao c\u1ea5p k\u1ebft h\u1ee3p cao su latex si\u00eau m\u1ec1m<br \/>\n&#8211; Thi\u1ebft k\u1ebf g\u1eadp \u0111\u00f4i d\u1ec5 d\u00e0ng h\u01a1n trong qu\u00e1 tr\u00ecnh v\u1eadn chuy\u1ec3n<br \/>\n&#8211; N\u00e2ng \u0111\u1ee1 c\u1ed9t s\u1ed1ng, an to\u00e0n v\u1edbi s\u1ee9c kh\u1ecfe ng\u01b0\u1eddi s\u1eed d\u1ee5ng<br \/>\n&#8211; Quy tr\u00ecnh s\u1ea3n xu\u1ea5t th\u00e2n thi\u1ec7n v\u1edbi m\u00f4i tr\u01b0\u1eddng.<br \/>\n&#8211; B\u1ea3o h\u00e0nh : 5 n\u0103m l\u00f5i \u0111\u1ec7m<\/p>","protected":false},"excerpt":{"rendered":"<p>&#8211; Nh\u00e3n hi\u1ec7u : Hanvico &#8211; Xu\u1ea5t x\u1ee9 : Vi\u1ec7t Nam &#8211; Ch\u1ea5t li\u1ec7u : Cao su thi\u00ean nhi\u00ean &#8211; K\u1ebft c\u1ea5u : + V\u1ecf b\u1ecdc \u0111\u1ec7m : + L\u00f5i \u0111\u1ec7m : Foam cao c\u1ea5p k\u1ebft h\u1ee3p cao su latex si\u00eau m\u1ec1m &#8211; Thi\u1ebft k\u1ebf g\u1eadp \u0111\u00f4i d\u1ec5 d\u00e0ng h\u01a1n trong qu\u00e1 tr\u00ecnh v\u1eadn chuy\u1ec3n [&#8230;]","protected":false},"featured_media":2103,"comment_status":"open","ping_status":"closed","template":"","meta":[],"product_cat":[34,102],"product_tag":[],"class_list":{"0":"post-2111","1":"product","2":"type-product","3":"status-publish","4":"has-post-thumbnail","6":"product_cat-danh-cho-to-am","7":"product_cat-nem-latex-foam","9":"first","10":"instock","11":"shipping-taxable","12":"purchasable","13":"product-type-variable"},"_links":{"self":[{"href":"https:\/\/hanvicosaigon.com.vn\/en\/wp-json\/wp\/v2\/product\/2111","targetHints":{"allow":["GET"]}}],"collection":[{"href":"https:\/\/hanvicosaigon.com.vn\/en\/wp-json\/wp\/v2\/product"}],"about":[{"href":"https:\/\/hanvicosaigon.com.vn\/en\/wp-json\/wp\/v2\/types\/product"}],"replies":[{"embeddable":true,"href":"https:\/\/hanvicosaigon.com.vn\/en\/wp-json\/wp\/v2\/comments?post=2111"}],"wp:featuredmedia":[{"embeddable":true,"href":"https:\/\/hanvicosaigon.com.vn\/en\/wp-json\/wp\/v2\/media\/2103"}],"wp:attachment":[{"href":"https:\/\/hanvicosaigon.com.vn\/en\/wp-json\/wp\/v2\/media?parent=2111"}],"wp:term":[{"taxonomy":"product_cat","embeddable":true,"href":"https:\/\/hanvicosaigon.com.vn\/en\/wp-json\/wp\/v2\/product_cat?post=2111"},{"taxonomy":"product_tag","embeddable":true,"href":"https:\/\/hanvicosaigon.com.vn\/en\/wp-json\/wp\/v2\/product_tag?post=2111"}],"curies":[{"name":"wp","href":"https:\/\/api.w.org\/{rel}","templated":true}]}}