{"id":2108,"date":"2024-07-05T13:43:03","date_gmt":"2024-07-05T13:43:03","guid":{"rendered":"https:\/\/hanvicosaigon.com.vn\/?post_type=product&#038;p=2108"},"modified":"2024-07-19T02:47:46","modified_gmt":"2024-07-19T02:47:46","slug":"nem-hera","status":"publish","type":"product","link":"https:\/\/hanvicosaigon.com.vn\/en\/product\/nem-hera\/","title":{"rendered":"N\u1ec7m Hera"},"content":{"rendered":"<p>Nh\u00e3n hi\u1ec7u : Hanvico<br \/>\nXu\u1ea5t x\u1ee9 : Vi\u1ec7t Nam<br \/>\nCh\u1ea5t li\u1ec7u : L\u00f2 xo t\u00fai \u0111\u1ed9c l\u1eadp<br \/>\n+B\u1ec1 m\u1eb7t v\u1edbi s\u1ee3i v\u1ea3i b\u0103ng tuy\u1ebft\u00a0v\u01b0\u1ee3t tr\u1ed9i v\u1ec1 kh\u1ea3 n\u0103ng tho\u00e1ng m\u00e1t, m\u1ec1m m\u1ecbn.<br \/>\n+ L\u1edbp b\u00f4ng nano ch\u1ed1ng khu\u1ea9n \u0111\u1ed9c quy\u1ec1n g\u1eafn v\u1edbi t\u00ean tu\u1ed5i Hanvico<br \/>\n+ Cao su cao c\u1ea5p nh\u1eadp kh\u1ea9u nguy\u00ean t\u1ea5m, mang \u0111\u1ebfn s\u1ef1 m\u1ec1m m\u1ea1i v\u00e0 \u0111\u00e0n h\u1ed3i v\u01b0\u1ee3t b\u1eadc<br \/>\n+ H\u1ec7 th\u1ed1ng l\u00f2 xo 2 l\u1edbp nh\u1eadp kh\u1ea9u \u0111\u1ed9c quy\u1ec1n, l\u1edbp l\u00f2 xo li\u00ean k\u1ebft \u0111\u01b0\u1ee3c m\u1ea1 CROM b\u1ec1n \u2013 \u0111\u1eb9p.<br \/>\n+ H\u1ec7 th\u1ed1ng l\u01b0u th\u00f4ng kh\u00f4ng kh\u00ed t\u1ef1 \u0111\u1ed9ng, t\u1ed1i \u01b0u h\u00f3a kh\u1ea3 n\u0103ng \u0111i\u1ec1u h\u00f2a th\u00e2n nhi\u1ec7t, lo\u1ea1i b\u1ecf c\u1ea3m gi\u00e1c b\u00ed b\u00e1ch<br \/>\n+ Th\u00e0nh \u0111\u1ec7m k\u1ebft c\u1ea5u b\u1eb1ng m\u00fat ch\u1ecbu l\u1ef1c cao c\u1ea5p<br \/>\n+ B\u1ea3o h\u00e0nh: 10 n\u0103m cho khung l\u00f5i l\u00f2 xo<\/p>","protected":false},"excerpt":{"rendered":"<p>Nh\u00e3n hi\u1ec7u : Hanvico Xu\u1ea5t x\u1ee9 : Vi\u1ec7t Nam Ch\u1ea5t li\u1ec7u : L\u00f2 xo t\u00fai \u0111\u1ed9c l\u1eadp +B\u1ec1 m\u1eb7t v\u1edbi s\u1ee3i v\u1ea3i b\u0103ng tuy\u1ebft\u00a0v\u01b0\u1ee3t tr\u1ed9i v\u1ec1 kh\u1ea3 n\u0103ng tho\u00e1ng m\u00e1t, m\u1ec1m m\u1ecbn. + L\u1edbp b\u00f4ng nano ch\u1ed1ng khu\u1ea9n \u0111\u1ed9c quy\u1ec1n g\u1eafn v\u1edbi t\u00ean tu\u1ed5i Hanvico + Cao su cao c\u1ea5p nh\u1eadp kh\u1ea9u nguy\u00ean t\u1ea5m, mang [&#8230;]","protected":false},"featured_media":2104,"comment_status":"open","ping_status":"closed","template":"","meta":[],"product_cat":[34,86],"product_tag":[],"class_list":{"0":"post-2108","1":"product","2":"type-product","3":"status-publish","4":"has-post-thumbnail","6":"product_cat-danh-cho-to-am","7":"product_cat-nem-lo-xo","9":"first","10":"instock","11":"shipping-taxable","12":"purchasable","13":"product-type-variable"},"_links":{"self":[{"href":"https:\/\/hanvicosaigon.com.vn\/en\/wp-json\/wp\/v2\/product\/2108","targetHints":{"allow":["GET"]}}],"collection":[{"href":"https:\/\/hanvicosaigon.com.vn\/en\/wp-json\/wp\/v2\/product"}],"about":[{"href":"https:\/\/hanvicosaigon.com.vn\/en\/wp-json\/wp\/v2\/types\/product"}],"replies":[{"embeddable":true,"href":"https:\/\/hanvicosaigon.com.vn\/en\/wp-json\/wp\/v2\/comments?post=2108"}],"wp:featuredmedia":[{"embeddable":true,"href":"https:\/\/hanvicosaigon.com.vn\/en\/wp-json\/wp\/v2\/media\/2104"}],"wp:attachment":[{"href":"https:\/\/hanvicosaigon.com.vn\/en\/wp-json\/wp\/v2\/media?parent=2108"}],"wp:term":[{"taxonomy":"product_cat","embeddable":true,"href":"https:\/\/hanvicosaigon.com.vn\/en\/wp-json\/wp\/v2\/product_cat?post=2108"},{"taxonomy":"product_tag","embeddable":true,"href":"https:\/\/hanvicosaigon.com.vn\/en\/wp-json\/wp\/v2\/product_tag?post=2108"}],"curies":[{"name":"wp","href":"https:\/\/api.w.org\/{rel}","templated":true}]}}