{"id":2039,"date":"2024-06-27T05:12:32","date_gmt":"2024-06-27T05:12:32","guid":{"rendered":"https:\/\/hanvicosaigon.com.vn\/?post_type=product&#038;p=2039"},"modified":"2025-05-29T05:39:27","modified_gmt":"2025-05-29T05:39:27","slug":"bao-ve-nem","status":"publish","type":"product","link":"https:\/\/hanvicosaigon.com.vn\/en\/product\/bao-ve-nem\/","title":{"rendered":"T\u1ea5m b\u1ea3o v\u1ec7 n\u1ec7m (T\u1ea5m l\u00f3t n\u1ec7m ch\u1ed1ng th\u1ea5m)"},"content":{"rendered":"<p>N\u1ebfu tr\u01b0\u1edbc kia b\u1ea1n ph\u1ea3i v\u1ea5t v\u1ea3, t\u1ed1n r\u1ea5t nhi\u1ec1u th\u1eddi gian ho\u1eb7c ph\u1ea3i b\u1ecf ra m\u1ed9t chi ph\u00ed kh\u00f4ng nh\u1ecf \u0111\u1ec3 thu\u00ea \u0111\u01a1n v\u1ecb v\u1ec7 sinh n\u1ec7m. Th\u00ec gi\u1edd \u0111\u00e2y, t\u1ea5m b\u1ea3o v\u1ec7 n\u1ec7m ch\u00ednh l\u00e0 gi\u1ea3i ph\u00e1p gi\u00fap b\u1ea1n ti\u1ebft ki\u1ec7m th\u1eddi gian, c\u00f4ng s\u1ee9c v\u00e0 ti\u1ebft ki\u1ec7m chi ph\u00ed. H\u01a1n n\u1eefa, n\u00f3 c\u00f2n gi\u00fap b\u1ea3o v\u1ec7 chi\u00eac n\u1ec7m cao c\u1ea5p c\u1ee7a b\u1ea1n s\u1ea1ch s\u1ebd, m\u1edbi m\u1ebb nh\u01b0 ban \u0111\u1ea7u.<\/p>\n<p>T\u1ea5m b\u1ea3o v\u1ec7 n\u1ec7m gi\u1ed1ng nh\u01b0 m\u1ed9t t\u1ea5m ch\u0103n ch\u1ea7n m\u1ecfng, c\u00f3 4 d\u00e2y thun \u0111\u00ednh 4 g\u00f3c v\u00e0 lo\u1ea1i b\u1ecdc thun xung quanh \u0111\u1ec3 v\u00f2ng qua \u0111\u1ec7m, gi\u1eef c\u1ed1 \u0111\u1ecbnh, trong qu\u00e1 tr\u00ecnh s\u1eed d\u1ee5ng kh\u00f4ng b\u1ecb di chuy\u1ec3n hay d\u1ed3n v\u1ec1 m\u1ed9t g\u00f3c theo ti\u00eau chu\u1ea9n kh\u00e1ch s\u1ea1n. T\u1ea5m b\u1ea3o v\u1ec7 n\u1ec7m c\u1ee7a Hanvico s\u1eed d\u1ee5ng ch\u1ea5t li\u1ec7u TC 65\/35 Cotton\/Poly cao c\u1ea5p th\u00e2n thi\u1ec7n v\u1edbi s\u1ee9c kh\u1ecfe ng\u01b0\u1eddi d\u00f9ng.<\/p>\n<h3>TH\u00d4NG TIN CHI TI\u1ebeT<\/h3>\n<p>\u0110\u00e2y l\u00e0 d\u00f2ng b\u1ea3o v\u1ec7 n\u1ec7m cao c\u1ea5p ti\u00eau chu\u1ea9n c\u1ee7a kh\u00e1ch s\u1ea1n<br \/>\n&#8211; K\u00edch th\u01b0\u1edbc: 1m2\/1m4\/1m6\/1m8\/2m\/2m2 (\u0111\u1ee7 size), (C\u00e1c size phi k\u00edch th\u01b0\u1edbc li\u00ean h\u1ec7 Hotline \u0111\u1ec3 \u0111\u01b0\u1ee3c t\u01b0 v\u1ea5n v\u00e0 \u0111\u1eb7t h\u00e0ng).<br \/>\n&#8211; Tr\u1ecdng l\u01b0\u1ee3ng 228gr\/m2<br \/>\n&#8211; \u0110\u1ed9 cao: 0.7mm<br \/>\n&#8211; C\u1ee1 s\u1ee3i 40sx40s &#8211; xu\u1ea5t x\u1ee9 H\u00e0n Qu\u1ed1c<br \/>\n&#8211; L\u1edbp ch\u1ea7n b\u00f4ng : 170gr\/m2<br \/>\n&#8211; Ch\u1ec9 s\u1ed1 s\u1ee3i v\u1ea3i TC 65\/35 Cotton\/Poly 190TC<br \/>\n&#8211; Quy c\u00e1ch may : ch\u1ea7n \u00f4 qu\u1ea3 tr\u00e1m (\u0111\u1ed9c quy\u1ec1n)<br \/>\n&#8211; Nh\u00e0 s\u1ea3n xu\u1ea5t : Hanvico<br \/>\n&#8211; S\u1ea3n ph\u1ea9m \u0111\u00e3 \u0111\u01b0\u1ee3c \u00e9p h\u01a1i gi\u00fap v\u1eadn chuy\u1ec3n d\u1ec5 d\u00e0ng<\/p>\n<h3>\u0110\u1eb6C \u0110I\u1ec2M N\u1ed4I B\u1eacT<\/h3>\n<p>&#8211; T\u0103ng tu\u1ed5i th\u1ecd cho \u0111\u1ec7m: T\u1ea5m b\u1ea3o v\u1ec7 \u0111\u1ec7m h\u1ea1n ch\u1ebf t\u1ed1i \u0111a c\u00e1c hi\u1ec7n t\u01b0\u1ee3ng l\u1ea5m b\u1ea9n t\u1eeb b\u00ean ngo\u00e0i do m\u1ed3 h\u00f4i ho\u1eb7c th\u1ee9c \u0103n, \u0111\u1ed3 u\u1ed1ng&#8230; th\u1ea5m tr\u1ef1c ti\u1ebfp xu\u1ed1ng t\u1ea5m \u0111\u1ec7m gi\u00fap \u0111\u1ec7m lu\u00f4n s\u1ea1ch s\u1ebd.<br \/>\n&#8211; B\u1ea3o v\u1ec7 b\u1ea1n tr\u01b0\u1edbc c\u00e1c lo\u1ea1i ve b\u1ee5i v\u00e0 vi khu\u1ea9n: \u0110\u1ea3m b\u1ea3o s\u1ee9c kh\u1ecfe cho ng\u01b0\u1eddi d\u00f9ng: T\u1ea5m b\u1ea3o v\u1ec7 \u0111\u1ec7m gi\u00fap bao b\u1ecdc \u0111\u1ec7m t\u1eeb \u0111\u00f3 h\u1ea1n ch\u1ebf t\u1ed1i \u0111a s\u1ef1 x\u00e2m nh\u1eadp c\u1ee7a n\u1ea5m m\u1ed1c, vi tr\u00f9ng, vi khu\u1ea9n v\u00e0 c\u00e1c lo\u1ea1i c\u00f4n tr\u00f9ng g\u00e2y h\u1ea1i t\u1edbi s\u1ee9c kh\u1ecfe ng\u01b0\u1eddi d\u00f9ng.<br \/>\n&#8211; D\u1ec5 s\u1eed d\u1ee5ng v\u00e0 gi\u1eb7t gi\u0169: Gi\u00fap ch\u1ed1ng b\u00e1m b\u1ee5i, v\u1ebft b\u1ea9n tr\u1ef1c ti\u1ebfp l\u00ean b\u1ec1 m\u1eb7t \u0111\u1ec7m, h\u1ea1n ch\u1ebf ph\u1ea3i gi\u1eb7t \u0111\u1ec7m. Vi\u1ec7c v\u1ec7 sinh t\u1ea5m b\u1ea3o v\u1ec7 \u0111\u01a1n gi\u1ea3n v\u00e0 \u0111\u1ee1 t\u1ed1n c\u00f4ng s\u1ee9c, th\u1eddi gian g\u1ea5p nhi\u1ec1u l\u1ea7n so v\u1edbi v\u1ec7 sinh c\u1ea3 m\u1ed9t t\u1ea5m \u0111\u1ec7m l\u1edbn.<br \/>\n&#8211; Gia c\u1ed1 ch\u1eafc ch\u1eafn: Tr\u1ea3i c\u0103ng tr\u00ean m\u1eb7t \u0111\u1ec7m,<br \/>\n+ Lo\u1ea1i 1: 4 g\u00f3c c\u1ed9t c\u1ed1 \u0111\u1ecbnh b\u1eb1ng d\u00e2y thun co d\u00e3n ch\u1eafc ch\u1eafn, kh\u00f4ng b\u1ecb x\u00ea d\u1ecbch trong qu\u00e1 tr\u00ecnh s\u1eed d\u1ee5ng.<br \/>\n+ Lo\u1ea1i 2: B\u1ecdc v\u1ea3i xung quanh, c\u00f3 d\u00e2y chun, gi\u00fap c\u1ed1 \u0111\u1ecbnh tr\u00ean b\u1ec1 m\u1eb7t n\u1ec7m v\u00e0 gi\u1eef s\u1ea1ch xung quanh t\u1ea5m n\u1ec7m c\u1ee7a b\u1ea1n.<\/p>\n<h3>CH\u1ee8NG NH\u1eacN<\/h3>\n<p>&#8211; Ti\u00eau chu\u1ea9n s\u1ea3n ph\u1ea9m ph\u00f9 h\u1ee3p v\u1edbi ti\u00eau chu\u1ea9n Ch\u00e2u u OEKO-TEX100 Standard s\u1ed1: 11.09.2904<br \/>\n&#8211; Ti\u00eau chu\u1ea9n s\u1ea3n ph\u1ea9m ph\u00f9 h\u1ee3p v\u1edbi ti\u00eau chu\u1ea9n M\u1ef9: US AATCC s\u1ed1 2708\/11 TK<br \/>\n&#8211; Ch\u1ee9ng nh\u1eadn ti\u00eau chu\u1ea9n kh\u00e1ng khu\u1ea9n FDA (M\u1ef9) &#8211; OEKO-TEX100 Ch\u00e2u u.<\/p>\n<h3>H\u01af\u1edaNG D\u1eaaN V\u1ec6 SINH V\u00c0 B\u1ea2O QU\u1ea2N<\/h3>\n<p>&#8211; Khi t\u1ea5m b\u1ea3o v\u1ec7 \u0111\u1ec7m b\u1ecb l\u1ea5m b\u1ea9n c\u1ea7n ti\u1ebfn h\u00e0nh v\u1ec7 sinh gi\u1eb7t s\u1ea1ch ngay.<br \/>\n&#8211; Gi\u1eef ph\u00f2ng ng\u1ee7 th\u00f4ng tho\u00e1ng, s\u1ea1ch s\u1ebd v\u00e0 c\u1ea7n \u0111\u1ecbnh k\u1ef3 v\u1ec7 sinh t\u1ea5m b\u1ea3o v\u1ec7 \u0111\u1ec7m \u0111\u1ec3 lo\u1ea1i b\u1ecf m\u1ecdi vi khu\u1ea9n v\u00e0 n\u1ea5m m\u1ed1c t\u00edch t\u1ee5 g\u00e2y \u1ea3nh h\u01b0\u1edfng \u0111\u1ebfn l\u00e0 da v\u00e0 s\u1ee9c kh\u1ecfe c\u1ee7a ng\u01b0\u1eddi s\u1eed d\u1ee5ng.<br \/>\n&#8211; Kh\u00f4ng d\u00f9ng n\u01b0\u1edbc t\u1ea9y m\u1ea1nh v\u00ec c\u00f3 th\u1ec3 ph\u00e1 h\u1ee7y s\u1ee3i v\u1ea3i.<br \/>\n&#8211; Tr\u00e1nh ph\u01a1i s\u1ea3n ph\u1ea9m d\u01b0\u1edbi \u00e1nh n\u1eafng m\u1ea1nh<\/p>","protected":false},"excerpt":{"rendered":"<p>N\u1ebfu tr\u01b0\u1edbc kia b\u1ea1n ph\u1ea3i v\u1ea5t v\u1ea3, t\u1ed1n r\u1ea5t nhi\u1ec1u th\u1eddi gian ho\u1eb7c ph\u1ea3i b\u1ecf ra m\u1ed9t chi ph\u00ed kh\u00f4ng nh\u1ecf \u0111\u1ec3 thu\u00ea \u0111\u01a1n v\u1ecb v\u1ec7 sinh n\u1ec7m. Th\u00ec gi\u1edd \u0111\u00e2y, t\u1ea5m b\u1ea3o v\u1ec7 n\u1ec7m ch\u00ednh l\u00e0 gi\u1ea3i ph\u00e1p gi\u00fap b\u1ea1n ti\u1ebft ki\u1ec7m th\u1eddi gian, c\u00f4ng s\u1ee9c v\u00e0 ti\u1ebft ki\u1ec7m chi ph\u00ed. H\u01a1n n\u1eefa, n\u00f3 [&#8230;]","protected":false},"featured_media":4146,"comment_status":"open","ping_status":"closed","template":"","meta":[],"product_cat":[96,77,73],"product_tag":[],"class_list":{"0":"post-2039","1":"product","2":"type-product","3":"status-publish","4":"has-post-thumbnail","6":"product_cat-bao-ve-nem","7":"product_cat-danh-cho-khach-san","8":"product_cat-san-pham-noi-bat","10":"first","11":"instock","12":"shipping-taxable","13":"purchasable","14":"product-type-variable"},"_links":{"self":[{"href":"https:\/\/hanvicosaigon.com.vn\/en\/wp-json\/wp\/v2\/product\/2039","targetHints":{"allow":["GET"]}}],"collection":[{"href":"https:\/\/hanvicosaigon.com.vn\/en\/wp-json\/wp\/v2\/product"}],"about":[{"href":"https:\/\/hanvicosaigon.com.vn\/en\/wp-json\/wp\/v2\/types\/product"}],"replies":[{"embeddable":true,"href":"https:\/\/hanvicosaigon.com.vn\/en\/wp-json\/wp\/v2\/comments?post=2039"}],"wp:featuredmedia":[{"embeddable":true,"href":"https:\/\/hanvicosaigon.com.vn\/en\/wp-json\/wp\/v2\/media\/4146"}],"wp:attachment":[{"href":"https:\/\/hanvicosaigon.com.vn\/en\/wp-json\/wp\/v2\/media?parent=2039"}],"wp:term":[{"taxonomy":"product_cat","embeddable":true,"href":"https:\/\/hanvicosaigon.com.vn\/en\/wp-json\/wp\/v2\/product_cat?post=2039"},{"taxonomy":"product_tag","embeddable":true,"href":"https:\/\/hanvicosaigon.com.vn\/en\/wp-json\/wp\/v2\/product_tag?post=2039"}],"curies":[{"name":"wp","href":"https:\/\/api.w.org\/{rel}","templated":true}]}}