{"id":2012,"date":"2024-06-26T10:15:24","date_gmt":"2024-06-26T10:15:24","guid":{"rendered":"https:\/\/hanvicosaigon.com.vn\/?post_type=product&#038;p=2012"},"modified":"2024-12-27T04:26:28","modified_gmt":"2024-12-27T04:26:28","slug":"ruot-goi-pe","status":"publish","type":"product","link":"https:\/\/hanvicosaigon.com.vn\/en\/product\/ruot-goi-pe\/","title":{"rendered":"Ru\u1ed9t g\u1ed1i tr\u1eafng b\u00f4ng PE cao c\u1ea5p ch\u1ed1ng \u1ea9m m\u1ed1c"},"content":{"rendered":"<p>Ru\u1ed9t g\u1ed1i Hanvico Best Pillow Hotel c\u00f3 k\u00edch th\u01b0\u1edbc v\u00e0 \u0111\u1ed9 ph\u1ed3ng l\u00fd t\u01b0\u1edfng \u0111\u1ed3ng th\u1eddi s\u1eed d\u1ee5ng b\u00f4ng h\u1ea1t nguy\u00ean sinh cao c\u1ea5p ti\u00eau chu\u1ea9n kh\u00e1ch s\u1ea1n, an to\u00e0n v\u1edbi m\u1ecdi lo\u1ea1i da.<\/p>\n<p>S\u1ea2N PH\u1ea8M \u0110\u00d4I RU\u1ed8T G\u1ed0I B\u00d4NG H\u1ea0T NGUY\u00caN SINH HANVICO CAO C\u1ea4P TI\u00caU CHU\u1ea8N KH\u00c1CH S\u1ea0N<\/p>\n<p>&#8211; Xu\u1ea5t x\u1ee9: made in Vi\u1ec7t Nam<br \/>\n&#8211; Th\u01b0\u01a1ng hi\u1ec7u: Hanvico<br \/>\n&#8211; Ch\u1ea5t li\u1ec7u: B\u00f4ng cao c\u1ea5p H\u00e0n Qu\u1ed1c<br \/>\n&#8211; S\u1ea3n ph\u1ea9m \u0111\u00e3 \u0111\u01b0\u1ee3c \u00e9p h\u01a1i gi\u00fap v\u1eadn chuy\u1ec3n d\u1ec5 d\u00e0ng<br \/>\n&#8211; K\u00edch th\u01b0\u1edbc: 45x65cm, 50x70cm v\u00e0 60x80cm<br \/>\n&#8211; G\u1ed1i ph\u1ed3ng c\u1ee1 17cm khi n\u1eb1m xu\u1ed1ng g\u1ed1i l\u00fan c\u00f2n t\u1ea7m 8 cm.<br \/>\n&#8211; S\u1ea3n ph\u1ea9m \u0111\u00e3 \u0111\u01b0\u1ee3c \u00e9p h\u01a1i gi\u00fap v\u1eadn chuy\u1ec3n d\u1ec5 d\u00e0ng<\/p>\n<h3>\u0110\u1eb6C \u0110I\u1ec2M N\u1ed4I B\u1eacT<\/h3>\n<p>&#8211; Th\u00f4ng tho\u00e1ng t\u1ed1t: Ch\u1ea5t li\u1ec7u Ball Fiber (g\u00f2n bi) cao c\u1ea5p gi\u00fap h\u1ea1n ch\u1ebf \u0111\u1ed5 m\u1ed3 h\u00f4i \u0111\u1ea7u v\u00e0 \u0111\u00e3 \u0111\u01b0\u1ee3c x\u1eed l\u00fd ch\u1ed1ng \u1ea9m m\u1ed1c \u0111\u1eb7c bi\u1ec7t th\u00edch h\u1ee3p v\u1edbi th\u1eddi ti\u1ebft v\u00e0 kh\u00ed h\u1eadu c\u1ee7a c\u00e1c n\u01b0\u1edbc v\u00f9ng nhi\u1ec7t \u0111\u1edbi, tho\u00e1ng kh\u00ed m\u00f9a h\u00e8 v\u00e0 gi\u1eef nhi\u1ec7t m\u00f9a \u0111\u00f4ng.<br \/>\n&#8211; \u00cam \u00e1i tuy\u1ec7t v\u1eddi: Ru\u1ed9t g\u1ed1i ch\u00ednh h\u00e3ng c\u00f3 \u0111\u1ed9 \u0111\u00e0n h\u1ed3i t\u1ed1t h\u01a1n, t\u1ea1o \u0111\u1ed9 \u00eam \u00e1i, c\u0103ng ph\u1ed3ng d\u00e0i l\u00e2u gi\u00fap n\u00e2ng \u0111\u1ee1 \u0111\u1ea7u v\u00e0 c\u1ed9t s\u1ed1ng, ch\u1ed1ng \u0111au nh\u1ee9c, m\u1ec7t m\u1ecfi.<br \/>\n&#8211; Kh\u00f4ng g\u00e2y k\u00edch \u1ee9ng: Ru\u1ed9t g\u1ed1i Hanvico s\u1eed d\u1ee5ng b\u00f4ng nguy\u00ean sinh an to\u00e0n cho m\u1ecdi lo\u1ea1i da, th\u00e2n thi\u1ec7n v\u1edbi s\u1ee9c kh\u1ecfe ng\u01b0\u1eddi dung<\/p>\n<h3>CH\u1ee8NG NH\u1eacN<\/h3>\n<p>&#8211; Ti\u00eau chu\u1ea9n s\u1ea3n ph\u1ea9m ph\u00f9 h\u1ee3p v\u1edbi ti\u00eau chu\u1ea9n Ch\u00e2u u OEKO-TEX100 Standard s\u1ed1: 11.09.2904<br \/>\n&#8211; Ti\u00eau chu\u1ea9n s\u1ea3n ph\u1ea9m ph\u00f9 h\u1ee3p v\u1edbi ti\u00eau chu\u1ea9n M\u1ef9: US AATCC s\u1ed1 2708\/11 TK<\/p>\n<h3>H\u01af\u1edaNG D\u1eaaN V\u1ec6 SINH V\u00c0 B\u1ea2O QU\u1ea2N<\/h3>\n<p>&#8211; Gi\u1eb7t tr\u01b0\u1edbc khi s\u1eed d\u1ee5ng, kh\u00f4ng s\u1eed d\u1ee5ng b\u1ed9t gi\u1eb7t cho l\u1ea7n gi\u1eb7t \u0111\u1ea7u ti\u00ean.<br \/>\n&#8211; C\u00f3 th\u1ec3 gi\u1eb7t h\u1ea5p, gi\u1eb7t tay ho\u1eb7c s\u1eed d\u1ee5ng m\u00e1y gi\u1eb7t b\u00ecnh th\u01b0\u1eddng<br \/>\n&#8211; Ph\u01a1i \u1edf n\u01a1i kh\u00f4 tho\u00e1ng, tr\u00e1nh ph\u01a1i d\u01b0\u1edbi n\u1eafng m\u1eb7t tr\u1eddi qu\u00e1 g\u1eaft.<br \/>\n&#8211; Khi ch\u01b0a s\u1eed d\u1ee5ng, n\u00ean g\u1ea5p g\u1ecdn v\u00e0 c\u1ea5t v\u00e0o vali \u0111i k\u00e8m v\u1edbi s\u1ea3n ph\u1ea9m v\u00e0 b\u1ea3o qu\u1ea3n \u1edf n\u01a1i tho\u00e1ng kh\u00ed, tr\u00e1nh \u1ea9m m\u1ed1c.<br \/>\n&#8211; \u0110\u1ed1i v\u1edbi tr\u01b0\u1eddng h\u1ee3p gi\u01b0\u1eddng ng\u1ee7 bu\u1ed9c ph\u1ea3i \u0111\u1eb7t g\u1ea7n c\u1eeda s\u1ed5, n\u00ean l\u1eafp r\u00e8m\/m\u00e0n c\u1eeda \u0111\u1ec3 h\u1ea1n ch\u1ebf \u00e1nh n\u1eafng m\u1eb7t tr\u1eddi chi\u1ebfu tr\u1ef1c ti\u1ebfp v\u00e0o s\u1ea3n ph\u1ea9m.<\/p>","protected":false},"excerpt":{"rendered":"<p>Ru\u1ed9t g\u1ed1i Hanvico Best Pillow Hotel c\u00f3 k\u00edch th\u01b0\u1edbc v\u00e0 \u0111\u1ed9 ph\u1ed3ng l\u00fd t\u01b0\u1edfng \u0111\u1ed3ng th\u1eddi s\u1eed d\u1ee5ng b\u00f4ng h\u1ea1t nguy\u00ean sinh cao c\u1ea5p ti\u00eau chu\u1ea9n kh\u00e1ch s\u1ea1n, an to\u00e0n v\u1edbi m\u1ecdi lo\u1ea1i da. S\u1ea2N PH\u1ea8M \u0110\u00d4I RU\u1ed8T G\u1ed0I B\u00d4NG H\u1ea0T NGUY\u00caN SINH HANVICO CAO C\u1ea4P TI\u00caU CHU\u1ea8N KH\u00c1CH S\u1ea0N &#8211; Xu\u1ea5t x\u1ee9: made in [&#8230;]","protected":false},"featured_media":4149,"comment_status":"open","ping_status":"closed","template":"","meta":[],"product_cat":[77,84],"product_tag":[],"class_list":{"0":"post-2012","1":"product","2":"type-product","3":"status-publish","4":"has-post-thumbnail","6":"product_cat-danh-cho-khach-san","7":"product_cat-ruot-goi-pe","9":"first","10":"instock","11":"shipping-taxable","12":"purchasable","13":"product-type-variable"},"_links":{"self":[{"href":"https:\/\/hanvicosaigon.com.vn\/en\/wp-json\/wp\/v2\/product\/2012","targetHints":{"allow":["GET"]}}],"collection":[{"href":"https:\/\/hanvicosaigon.com.vn\/en\/wp-json\/wp\/v2\/product"}],"about":[{"href":"https:\/\/hanvicosaigon.com.vn\/en\/wp-json\/wp\/v2\/types\/product"}],"replies":[{"embeddable":true,"href":"https:\/\/hanvicosaigon.com.vn\/en\/wp-json\/wp\/v2\/comments?post=2012"}],"wp:featuredmedia":[{"embeddable":true,"href":"https:\/\/hanvicosaigon.com.vn\/en\/wp-json\/wp\/v2\/media\/4149"}],"wp:attachment":[{"href":"https:\/\/hanvicosaigon.com.vn\/en\/wp-json\/wp\/v2\/media?parent=2012"}],"wp:term":[{"taxonomy":"product_cat","embeddable":true,"href":"https:\/\/hanvicosaigon.com.vn\/en\/wp-json\/wp\/v2\/product_cat?post=2012"},{"taxonomy":"product_tag","embeddable":true,"href":"https:\/\/hanvicosaigon.com.vn\/en\/wp-json\/wp\/v2\/product_tag?post=2012"}],"curies":[{"name":"wp","href":"https:\/\/api.w.org\/{rel}","templated":true}]}}