{"id":2005,"date":"2024-06-26T10:13:36","date_gmt":"2024-06-26T10:13:36","guid":{"rendered":"https:\/\/hanvicosaigon.com.vn\/?post_type=product&#038;p=2005"},"modified":"2024-12-27T04:28:30","modified_gmt":"2024-12-27T04:28:30","slug":"ruot-goi-om","status":"publish","type":"product","link":"https:\/\/hanvicosaigon.com.vn\/en\/product\/ruot-goi-om\/","title":{"rendered":"Ru\u1ed9t g\u1ed1i \u00f4m si\u00eau \u00eam"},"content":{"rendered":"<p>S\u1ea3n ph\u1ea9m c\u00f3 \u01b0u \u0111i\u1ec3m n\u1ed5i tr\u1ed9i:<br \/>\n\u2013 L\u01b0u th\u00f4ng kh\u00f4ng kh\u00ed t\u1ed1t, tho\u00e1t \u1ea9m nhanh<br \/>\n\u2013 Gi\u00fap tu\u1ea7n ho\u00e0n m\u00e1u t\u1ed1t, c\u00f3 l\u1ee3i cho s\u1ee9c kh\u1ecfe<br \/>\n\u2013 Best Pillow \u0111\u01b0\u1ee3c s\u1ea3n xu\u1ea5t b\u1eb1ng h\u1ea1t Ball Fiber cao c\u1ea5p nh\u1eadp kh\u1ea9u t\u1eeb H\u00e0n Qu\u1ed1c, Ru\u1ed9t g\u1ed1i \u0111\u01b0\u1ee3c kh\u00f4ng b\u1ecb x\u1eb9p, l\u00fan trong th\u1eddi gian s\u1eed d\u1ee5ng \u0111em l\u1ea1i cu\u1ed9c s\u1ed1ng tho\u1ea3i m\u00e1i v\u00e0 s\u1ee9c kh\u1ecfe \u0111\u01b0\u1ee3c b\u1ea3o v\u1ec7 t\u1ed1i \u0111a cho b\u1ea1n v\u00e0 ng\u01b0\u1eddi th\u00e2n.<br \/>\n\u2013 M\u00f4 t\u1ea3: \u0110\u01b0\u1ee3c l\u00e0m t\u1eeb nguy\u00ean li\u1ec7u b\u00f4ng cao c\u1ea5p c\u1ee7a H\u00e0n Qu\u1ed1c c\u00f3 x\u1eed l\u00fd Silicon gi\u00fap c\u01a1 th\u1ec3 \u0111\u01b0\u1ee3c th\u01b0 gi\u00e3n, \u0111em l\u1ea1i cho b\u1ea1n s\u1ef1 \u1ea5m \u00e1p trong m\u00f9a \u0111\u00f4ng gi\u00e1 l\u1ea1nh.<\/p>","protected":false},"excerpt":{"rendered":"<p>S\u1ea3n ph\u1ea9m c\u00f3 \u01b0u \u0111i\u1ec3m n\u1ed5i tr\u1ed9i: \u2013 L\u01b0u th\u00f4ng kh\u00f4ng kh\u00ed t\u1ed1t, tho\u00e1t \u1ea9m nhanh \u2013 Gi\u00fap tu\u1ea7n ho\u00e0n m\u00e1u t\u1ed1t, c\u00f3 l\u1ee3i cho s\u1ee9c kh\u1ecfe \u2013 Best Pillow \u0111\u01b0\u1ee3c s\u1ea3n xu\u1ea5t b\u1eb1ng h\u1ea1t Ball Fiber cao c\u1ea5p nh\u1eadp kh\u1ea9u t\u1eeb H\u00e0n Qu\u1ed1c, Ru\u1ed9t g\u1ed1i \u0111\u01b0\u1ee3c kh\u00f4ng b\u1ecb x\u1eb9p, l\u00fan trong th\u1eddi gian s\u1eed [&#8230;]","protected":false},"featured_media":4151,"comment_status":"open","ping_status":"closed","template":"","meta":[],"product_cat":[77,83],"product_tag":[],"class_list":{"0":"post-2005","1":"product","2":"type-product","3":"status-publish","4":"has-post-thumbnail","6":"product_cat-danh-cho-khach-san","7":"product_cat-ruot-goi-om","9":"first","10":"instock","11":"shipping-taxable","12":"purchasable","13":"product-type-variable"},"_links":{"self":[{"href":"https:\/\/hanvicosaigon.com.vn\/en\/wp-json\/wp\/v2\/product\/2005","targetHints":{"allow":["GET"]}}],"collection":[{"href":"https:\/\/hanvicosaigon.com.vn\/en\/wp-json\/wp\/v2\/product"}],"about":[{"href":"https:\/\/hanvicosaigon.com.vn\/en\/wp-json\/wp\/v2\/types\/product"}],"replies":[{"embeddable":true,"href":"https:\/\/hanvicosaigon.com.vn\/en\/wp-json\/wp\/v2\/comments?post=2005"}],"wp:featuredmedia":[{"embeddable":true,"href":"https:\/\/hanvicosaigon.com.vn\/en\/wp-json\/wp\/v2\/media\/4151"}],"wp:attachment":[{"href":"https:\/\/hanvicosaigon.com.vn\/en\/wp-json\/wp\/v2\/media?parent=2005"}],"wp:term":[{"taxonomy":"product_cat","embeddable":true,"href":"https:\/\/hanvicosaigon.com.vn\/en\/wp-json\/wp\/v2\/product_cat?post=2005"},{"taxonomy":"product_tag","embeddable":true,"href":"https:\/\/hanvicosaigon.com.vn\/en\/wp-json\/wp\/v2\/product_tag?post=2005"}],"curies":[{"name":"wp","href":"https:\/\/api.w.org\/{rel}","templated":true}]}}