{"id":1998,"date":"2024-06-26T10:12:01","date_gmt":"2024-06-26T10:12:01","guid":{"rendered":"https:\/\/hanvicosaigon.com.vn\/?post_type=product&#038;p=1998"},"modified":"2025-05-29T05:41:41","modified_gmt":"2025-05-29T05:41:41","slug":"ruot-goi-microfiber","status":"publish","type":"product","link":"https:\/\/hanvicosaigon.com.vn\/en\/product\/ruot-goi-microfiber\/","title":{"rendered":"Ru\u1ed9t g\u1ed1i l\u00f4ng v\u0169 Microfiber nh\u00e2n t\u1ea1o kh\u00e1ng khu\u1ea9n"},"content":{"rendered":"<p>S\u1ea2N PH\u1ea8M RU\u1ed8T G\u1ed0I MICROFIBER HANVICO L\u00d4NG V\u0168 NH\u00c2N T\u1ea0O KH\u00c1NG KHU\u1ea8N CAO C\u1ea4P:<\/p>\n<p>-Tr\u1ecdng l\u01b0\u1ee3ng b\u00f4ng:<br \/>\nG\u1ed1i ng\u01b0\u1eddi l\u1edbn: 1200gr &#8211; 1400gr\/ c\u00e1i<br \/>\nG\u1ed1i tr\u1ebb em : 440gr<\/p>\n<p>&#8211; V\u1ec1 k\u00edch th\u01b0\u1edbc:<br \/>\nG\u1ed1i cho tr\u1ebb s\u01a1 sinh \u0111\u1ebfn 3 tu\u1ed5i: size 35&#215;50<br \/>\nG\u1ed1i ph\u1ed3ng th\u1ea5p: size 45&#215;65<br \/>\nG\u1ed1i ph\u1ed3ng cao: size 50&#215;70, 60&#215;80 v\u00e0 50&#215;90<\/p>\n<p>&#8211; S\u1ea3n ph\u1ea9m \u0111\u00e3 \u0111\u01b0\u1ee3c \u00e9p h\u01a1i gi\u00fap v\u1eadn chuy\u1ec3n d\u1ec5 d\u00e0ng<br \/>\n&#8211; Ti\u00eau chu\u1ea9n b\u00f4ng: B\u00f4ng microfiber kh\u00e1ng khu\u1ea9n c\u00f4ng ngh\u1ec7 Nano b\u1ea1c 1,4Dx38mm- Nano silver antibacterial<br \/>\n&#8211; Xu\u1ea5t x\u1ee9 v\u1ea3i: H\u00e0n Qu\u1ed1c<\/p>\n<h3>\u0110\u1eb6C \u0110I\u1ec2M N\u1ed4I B\u1eacT<\/h3>\n<p>&#8211; Kh\u1ea3 n\u0103ng c\u00e1ch nhi\u1ec7t cao v\u00e0 h\u1ea7u nh\u01b0 kh\u00f4ng tr\u1ecdng l\u01b0\u1ee3ng: C\u00e1c s\u1ee3i MICROFIBER si\u00eau m\u1ecfng gi\u00fap ng\u01b0\u1eddi d\u00f9ng c\u00e2n b\u1eb1ng th\u00e2n nhi\u1ec7t khi th\u1eddi ti\u1ebft c\u00f3 nhi\u1ec1u bi\u1ebfn \u0111\u1ed9ng.<br \/>\n&#8211; L\u01b0u th\u00f4ng kh\u00f4ng kh\u00ed t\u1ed1t, tho\u00e1t \u1ea9m v\u01b0\u1ee3t tr\u1ed9i: C\u00e1c s\u1ee3i si\u00eau nh\u1ecf si\u00eau m\u1ecbn gi\u00fap tho\u00e1t kh\u00ed v\u00e0 kh\u00f4ng \u0111\u1ecdng l\u1ea1i m\u1ed3 h\u00f4i, th\u00edch h\u1ee3p v\u1edbi kh\u00ed h\u1eadu n\u1ed3m \u1ea9m \u1edf Vi\u1ec7t Nam<br \/>\n&#8211; An to\u00e0n v\u1edbi s\u1ee9c kh\u1ecfe c\u1ee7a ng\u01b0\u1eddi d\u00f9ng: C\u00f4ng ngh\u1ec7 b\u00f4ng Nano b\u1ea1c kh\u00e1ng khu\u1ea9n gi\u00fap ng\u0103n ng\u1eeba nh\u1eefng b\u1ec7nh v\u1ec1 da li\u1ec5u nh\u01b0 d\u1ecb \u1ee9ng, k\u00edch \u1ee9ng hay vi\u00eam da&#8230;<br \/>\n&#8211; Ch\u1ea5t li\u1ec7u b\u1ec1n ch\u1eafc, c\u00f3 th\u1ec3 gi\u1eb7t b\u1eb1ng m\u00e1y v\u00e0 c\u00f3 th\u1ec3 s\u1ea5y kh\u00f4: D\u00f9 tr\u1ea3i qua nhi\u1ec1u l\u1ea7n gi\u1eb7t nh\u01b0ng ru\u1ed9t g\u1ed1i v\u1eabn gi\u1eef nguy\u00ean h\u00ecnh d\u1ea1ng ban \u0111\u1ea7u, kh\u00f4ng b\u1ecb bi\u1ebfn d\u1ea1ng, x\u1eb9p l\u00fan hay nh\u00e0u n\u00e1t nh\u01b0 c\u00e1c lo\u1ea1i g\u1ed1i b\u00f4ng kh\u00e1c<\/p>\n<h3>TH\u00c0NH PH\u1ea6N V\u00c0 TI\u00caU CHU\u1ea8N V\u1ea2I B\u1eccC NGO\u00c0I<\/h3>\n<p>+ Ch\u1ea5t li\u1ec7u s\u1ee3i v\u1ea3i: TC233 100% cotton m\u00e0u tr\u1eafng tr\u01a1n<br \/>\n+ C\u1ee1 s\u1ee3i : 40s x 40s<br \/>\n+ Quy c\u00e1ch d\u1ec7t: D\u1ec7t vu\u00f4ng, m\u1eadt \u0111\u1ed9 233 s\u1ee3i\/ 2,54cm2<br \/>\n+ B\u1ec1 m\u1eb7t s\u1ee3i: Ch\u1ea3i k\u1ef9 ch\u1ed1ng x\u00f9 x\u01b0\u1edbc<br \/>\n+ Kh\u1ed5 v\u1ea3i t\u1ed1i \u0111a: 290cm I Tr\u1ecdng l\u01b0\u1ee3ng v\u1ea3i 300 grs\/m2<br \/>\n+ Quy c\u00e1ch may: May d\u1ea1ng t\u00fai<br \/>\n+ \u0110\u01b0\u1eddng kim: \u0110\u01b0\u1eddng ch\u1ec9 may m\u1eadt \u0111\u1ed9 5 m\u0169i\/ 1cm<br \/>\n+ \u0110\u1ed9 co gi\u00e3n t\u1ef7 l\u1ec7 : 3%\/1 m\u00e9t kh\u1ed5 ngang sau 15 l\u1ea7n gi\u1eb7t<\/p>\n<h3>CH\u1ee8NG NH\u1eacN<\/h3>\n<p>&#8211; Ti\u00eau chu\u1ea9n s\u1ea3n ph\u1ea9m ph\u00f9 h\u1ee3p v\u1edbi ti\u00eau chu\u1ea9n Ch\u00e2u u OEKO-TEX100 Standard s\u1ed1: 11.09.2904<br \/>\n&#8211; Ti\u00eau chu\u1ea9n s\u1ea3n ph\u1ea9m ph\u00f9 h\u1ee3p v\u1edbi ti\u00eau chu\u1ea9n M\u1ef9: US AATCC s\u1ed1 2708\/11 TK<br \/>\n&#8211; Ch\u1ee9ng nh\u1eadn ti\u00eau chu\u1ea9n kh\u00e1ng khu\u1ea9n FDA (M\u1ef9) &#8211; OEKO-TEX100 Ch\u00e2u u<\/p>\n<h3>H\u01af\u1edaNG D\u1eaaN V\u1ec6 SINH V\u00c0 B\u1ea2O QU\u1ea2N<\/h3>\n<p>&#8211; S\u1ea3n ph\u1ea9m n\u00ean gi\u1eb7t kh\u00f4 kh\u00f4ng n\u00ean gi\u1eb7t m\u00e1y (tr\u1eeb khi m\u00e1y gi\u1eb7t c\u00f3 ch\u1ebf \u0111\u1ed9 gi\u1eb7t kh\u00f4) \u0111\u1ec3 \u0111\u1ea3m b\u1ea3o ch\u1ea5t l\u01b0\u1ee3ng s\u1ea3n ph\u1ea9m lu\u00f4n t\u1ed1t nh\u1ea5t<br \/>\n&#8211; N\u00ean gi\u1eb7t ru\u1ed9t g\u1ed1i \u0111\u1ecbnh k\u1ef3 6 th\u00e1ng \u0111\u1ebfn 1 n\u0103m<br \/>\n&#8211; N\u00ean ph\u01a1i \u1edf khu v\u1ef1c tho\u00e1ng gi\u00f3, tr\u00e1nh \u00e1nh n\u1eafng tr\u1ef1c ti\u1ebfp \u0111\u1ec3 ch\u0103n g\u1ed1i \u0111\u01b0\u1ee3c l\u01b0u th\u00f4ng kh\u00f4ng kh\u00ed, gi\u00fap s\u1ea3n ph\u1ea9m m\u1ec1m, x\u1ed1p \u0111\u00e0n h\u1ed3i t\u1ed1t h\u01a1n.<\/p>","protected":false},"excerpt":{"rendered":"<p>S\u1ea2N PH\u1ea8M RU\u1ed8T G\u1ed0I MICROFIBER HANVICO L\u00d4NG V\u0168 NH\u00c2N T\u1ea0O KH\u00c1NG KHU\u1ea8N CAO C\u1ea4P: -Tr\u1ecdng l\u01b0\u1ee3ng b\u00f4ng: G\u1ed1i ng\u01b0\u1eddi l\u1edbn: 1200gr &#8211; 1400gr\/ c\u00e1i G\u1ed1i tr\u1ebb em : 440gr &#8211; V\u1ec1 k\u00edch th\u01b0\u1edbc: G\u1ed1i cho tr\u1ebb s\u01a1 sinh \u0111\u1ebfn 3 tu\u1ed5i: size 35&#215;50 G\u1ed1i ph\u1ed3ng th\u1ea5p: size 45&#215;65 G\u1ed1i ph\u1ed3ng cao: size 50&#215;70, 60&#215;80 v\u00e0 [&#8230;]","protected":false},"featured_media":4136,"comment_status":"open","ping_status":"closed","template":"","meta":[],"product_cat":[77,82,73],"product_tag":[],"class_list":{"0":"post-1998","1":"product","2":"type-product","3":"status-publish","4":"has-post-thumbnail","6":"product_cat-danh-cho-khach-san","7":"product_cat-ruot-goi-micro","8":"product_cat-san-pham-noi-bat","10":"first","11":"instock","12":"shipping-taxable","13":"purchasable","14":"product-type-variable"},"_links":{"self":[{"href":"https:\/\/hanvicosaigon.com.vn\/en\/wp-json\/wp\/v2\/product\/1998","targetHints":{"allow":["GET"]}}],"collection":[{"href":"https:\/\/hanvicosaigon.com.vn\/en\/wp-json\/wp\/v2\/product"}],"about":[{"href":"https:\/\/hanvicosaigon.com.vn\/en\/wp-json\/wp\/v2\/types\/product"}],"replies":[{"embeddable":true,"href":"https:\/\/hanvicosaigon.com.vn\/en\/wp-json\/wp\/v2\/comments?post=1998"}],"wp:featuredmedia":[{"embeddable":true,"href":"https:\/\/hanvicosaigon.com.vn\/en\/wp-json\/wp\/v2\/media\/4136"}],"wp:attachment":[{"href":"https:\/\/hanvicosaigon.com.vn\/en\/wp-json\/wp\/v2\/media?parent=1998"}],"wp:term":[{"taxonomy":"product_cat","embeddable":true,"href":"https:\/\/hanvicosaigon.com.vn\/en\/wp-json\/wp\/v2\/product_cat?post=1998"},{"taxonomy":"product_tag","embeddable":true,"href":"https:\/\/hanvicosaigon.com.vn\/en\/wp-json\/wp\/v2\/product_tag?post=1998"}],"curies":[{"name":"wp","href":"https:\/\/api.w.org\/{rel}","templated":true}]}}