{"id":1987,"date":"2024-06-26T10:04:07","date_gmt":"2024-06-26T10:04:07","guid":{"rendered":"https:\/\/hanvicosaigon.com.vn\/?post_type=product&#038;p=1987"},"modified":"2024-12-27T04:30:22","modified_gmt":"2024-12-27T04:30:22","slug":"ruot-chan-microfiber","status":"publish","type":"product","link":"https:\/\/hanvicosaigon.com.vn\/en\/product\/ruot-chan-microfiber\/","title":{"rendered":"Ru\u1ed9t ch\u0103n b\u00f4ng si\u00eau nh\u1eb9 Microfiber l\u00f4ng v\u0169 nh\u00e2n t\u1ea1o"},"content":{"rendered":"<p>S\u1ea2N PH\u1ea8M RU\u1ed8T CH\u0102N L\u00d4NG V\u0168 MICROFIBER HANVICO CAO C\u1ea4P, SI\u00caU NH\u1eb8, KH\u00c1NG KHU\u1ea8N 200x220cm<\/p>\n<p>&#8211; K\u00edch th\u01b0\u1edbc: 200x220cm<br \/>\n&#8211; \u0110\u1ed9 d\u00e0y: 1,5cm<br \/>\n&#8211; Ti\u00eau chu\u1ea9n b\u00f4ng: S\u1ee3i b\u00f4ng microfiber kh\u00e1ng khu\u1ea9n c\u00f4ng ngh\u1ec7 Nano b\u1ea1c 1,4Dx38mm- Nano silver antibacterial<br \/>\n&#8211; Xu\u1ea5t x\u1ee9 v\u1ea3i: H\u00e0n Qu\u1ed1c<br \/>\n&#8211; S\u1ea3n xu\u1ea5t: Hanvico<br \/>\n&#8211; S\u1ea3n ph\u1ea9m \u0111\u00e3 \u0111\u01b0\u1ee3c \u00e9p h\u01a1i gi\u00fap v\u1eadn chuy\u1ec3n d\u1ec5 d\u00e0ng<\/p>\n<h3>\u0110\u1eb6C \u0110I\u1ec2M N\u1ed4I B\u1eacT<\/h3>\n<p>&#8211; Kh\u1ea3 n\u0103ng c\u00e1ch nhi\u1ec7t cao v\u00e0 h\u1ea7u nh\u01b0 kh\u00f4ng tr\u1ecdng l\u01b0\u1ee3ng: C\u00e1c s\u1ee3i polyester si\u00eau m\u1ecfng b\u1eaft ch\u01b0\u1edbc kh\u1ea3 n\u0103ng c\u00e1ch nhi\u1ec7t l\u00f4ng t\u01a1 gi\u00fap ng\u01b0\u1eddi d\u00f9ng c\u00e2n b\u1eb1ng th\u00e2n nhi\u1ec7t khi th\u1eddi ti\u1ebft c\u00f3 nhi\u1ec1u bi\u1ebfn \u0111\u1ed9ng.<br \/>\n&#8211; L\u01b0u th\u00f4ng kh\u00f4ng kh\u00ed t\u1ed1t, tho\u00e1t \u1ea9m v\u01b0\u1ee3t tr\u1ed9i: C\u00e1c s\u1ee3i si\u00eau nh\u1ecf si\u00eau m\u1ecbn gi\u00fap tho\u00e1t kh\u00ed v\u00e0 kh\u00f4ng \u0111\u1ecdng l\u1ea1i m\u1ed3 h\u00f4i, th\u00edch h\u1ee3p v\u1edbi kh\u00ed h\u1eadu n\u1ed3m \u1ea9m \u1edf Vi\u1ec7t Nam<br \/>\n&#8211; An to\u00e0n v\u1edbi s\u1ee9c kh\u1ecfe c\u1ee7a ng\u01b0\u1eddi d\u00f9ng: \u1ee8ng d\u1ee5ng c\u00f4ng ngh\u1ec7 Nano b\u1ea1c kh\u00e1ng khu\u1ea9n, ru\u1ed9t ch\u0103n Hanvico lo\u1ea1i b\u1ecf ho\u00e0n to\u00e0n c\u00e1c lo\u1ea1i vi tr\u00f9ng, \u0111\u1ea3m b\u1ea3o kh\u00f4ng g\u00e2y d\u1ecb \u1ee9ng, m\u1ea9n \u0111\u1ecf&#8230; cho l\u00e0n da<br \/>\n&#8211; Gia c\u1ed1 ch\u1eafc ch\u1eafn: C\u00e1c c\u1ea1nh c\u1ee7a ru\u1ed9t ch\u0103n \u0111\u01b0\u1ee3c gia c\u1ed1 b\u1eb1ng \u0111\u01b0\u1eddng may k\u00e9p v\u00e0 thi\u1ebft k\u1ebf h\u1ed9p kh\u00e1 l\u1edbn mang l\u1ea1i gi\u1ea5c ng\u1ee7 ngon su\u1ed1t \u0111\u00eam<\/p>\n<h3>TH\u00c0NH PH\u1ea6N V\u00c0 TI\u00caU CHU\u1ea8N V\u1ea2I B\u1eccC NGO\u00c0I<\/h3>\n<p>+ Ch\u1ea5t li\u1ec7u s\u1ee3i v\u1ea3i: TC233 100% cotton m\u00e0u tr\u1eafng tr\u01a1n<br \/>\n+ C\u1ee1 s\u1ee3i : 40s x 40s<br \/>\n+ Quy c\u00e1ch d\u1ec7t: D\u1ec7t vu\u00f4ng, m\u1eadt \u0111\u1ed9 233 s\u1ee3i\/ 2,54cm2<br \/>\n+ B\u1ec1 m\u1eb7t s\u1ee3i: Ch\u1ea3i k\u1ef9 ch\u1ed1ng x\u00f9 x\u01b0\u1edbc<br \/>\n+ Kh\u1ed5 v\u1ea3i t\u1ed1i \u0111a: 290cm I Tr\u1ecdng l\u01b0\u1ee3ng v\u1ea3i 300 grs\/m2<br \/>\n+ Quy c\u00e1ch may ch\u1ea7n : S\u1eed d\u1ee5ng m\u00e1y ch\u1ea7n th\u1ed5i b\u00f4ng t\u1ef1 \u0111\u1ed9ng<br \/>\n+ H\u00ecnh ch\u1ea7n vu\u00f4ng 28cm vu\u00f4ng\/ 1 h\u00ecnh<br \/>\n+ \u0110\u01b0\u1eddng kim: \u0110\u01b0\u1eddng ch\u1ec9 may m\u1eadt \u0111\u1ed9 4 m\u0169i\/ 1cm<br \/>\n+ Vi\u1ec1n: Nappa vi\u1ec1n 2.5cm<br \/>\n+ \u0110\u1ed9 co gi\u00e3n t\u1ef7 l\u1ec7 : 0.7%\/kh\u1ed5 ngang<br \/>\n+ Tr\u1ecdng l\u01b0\u1ee3ng b\u00f4ng: 200gr\/m2<\/p>\n<h3>CH\u1ee8NG NH\u1eacN<\/h3>\n<p>&#8211; Ti\u00eau chu\u1ea9n s\u1ea3n ph\u1ea9m ph\u00f9 h\u1ee3p v\u1edbi ti\u00eau chu\u1ea9n Ch\u00e2u u OEKO-TEX100 Standard s\u1ed1: 11.09.2904<br \/>\n&#8211; Ti\u00eau chu\u1ea9n s\u1ea3n ph\u1ea9m ph\u00f9 h\u1ee3p v\u1edbi ti\u00eau chu\u1ea9n M\u1ef9: US AATCC s\u1ed1 2708\/11 TK<br \/>\n&#8211; Ch\u1ee9ng nh\u1eadn ti\u00eau chu\u1ea9n kh\u00e1ng khu\u1ea9n FDA (M\u1ef9) &#8211; OEKO-TEX100 Ch\u00e2u u<\/p>\n<h3>H\u01af\u1edaNG D\u1eaaN V\u1ec6 SINH V\u00c0 B\u1ea2O QU\u1ea2N<\/h3>\n<p>&#8211; S\u1ea3n ph\u1ea9m n\u00ean gi\u1eb7t kh\u00f4 kh\u00f4ng n\u00ean gi\u1eb7t m\u00e1y (tr\u1eeb khi m\u00e1y gi\u1eb7t c\u00f3 ch\u1ebf \u0111\u1ed9 gi\u1eb7t kh\u00f4) \u0111\u1ec3 \u0111\u1ea3m b\u1ea3o ch\u1ea5t l\u01b0\u1ee3ng s\u1ea3n ph\u1ea9m lu\u00f4n t\u1ed1t nh\u1ea5t<br \/>\n&#8211; N\u00ean gi\u1eb7t ru\u1ed9t ch\u0103n \u0111\u1ecbnh k\u1ef3 6 th\u00e1ng \u0111\u1ebfn 1 n\u0103m<br \/>\n&#8211; N\u00ean ph\u01a1i \u1edf khu v\u1ef1c tho\u00e1ng gi\u00f3, tr\u00e1nh \u00e1nh n\u1eafng tr\u1ef1c ti\u1ebfp \u0111\u1ec3 ch\u0103n g\u1ed1i \u0111\u01b0\u1ee3c l\u01b0u th\u00f4ng kh\u00f4ng kh\u00ed, gi\u00fap s\u1ea3n ph\u1ea9m m\u1ec1m, x\u1ed1p \u0111\u00e0n h\u1ed3i t\u1ed1t h\u01a1n.<\/p>","protected":false},"excerpt":{"rendered":"<p>S\u1ea2N PH\u1ea8M RU\u1ed8T CH\u0102N L\u00d4NG V\u0168 MICROFIBER HANVICO CAO C\u1ea4P, SI\u00caU NH\u1eb8, KH\u00c1NG KHU\u1ea8N 200x220cm &#8211; K\u00edch th\u01b0\u1edbc: 200x220cm &#8211; \u0110\u1ed9 d\u00e0y: 1,5cm &#8211; Ti\u00eau chu\u1ea9n b\u00f4ng: S\u1ee3i b\u00f4ng microfiber kh\u00e1ng khu\u1ea9n c\u00f4ng ngh\u1ec7 Nano b\u1ea1c 1,4Dx38mm- Nano silver antibacterial &#8211; Xu\u1ea5t x\u1ee9 v\u1ea3i: H\u00e0n Qu\u1ed1c &#8211; S\u1ea3n xu\u1ea5t: Hanvico &#8211; S\u1ea3n ph\u1ea9m \u0111\u00e3 \u0111\u01b0\u1ee3c [&#8230;]","protected":false},"featured_media":4153,"comment_status":"open","ping_status":"closed","template":"","meta":[],"product_cat":[77,79],"product_tag":[],"class_list":{"0":"post-1987","1":"product","2":"type-product","3":"status-publish","4":"has-post-thumbnail","6":"product_cat-danh-cho-khach-san","7":"product_cat-ruot-chan-microfiber","9":"first","10":"instock","11":"shipping-taxable","12":"purchasable","13":"product-type-variable"},"_links":{"self":[{"href":"https:\/\/hanvicosaigon.com.vn\/en\/wp-json\/wp\/v2\/product\/1987","targetHints":{"allow":["GET"]}}],"collection":[{"href":"https:\/\/hanvicosaigon.com.vn\/en\/wp-json\/wp\/v2\/product"}],"about":[{"href":"https:\/\/hanvicosaigon.com.vn\/en\/wp-json\/wp\/v2\/types\/product"}],"replies":[{"embeddable":true,"href":"https:\/\/hanvicosaigon.com.vn\/en\/wp-json\/wp\/v2\/comments?post=1987"}],"wp:featuredmedia":[{"embeddable":true,"href":"https:\/\/hanvicosaigon.com.vn\/en\/wp-json\/wp\/v2\/media\/4153"}],"wp:attachment":[{"href":"https:\/\/hanvicosaigon.com.vn\/en\/wp-json\/wp\/v2\/media?parent=1987"}],"wp:term":[{"taxonomy":"product_cat","embeddable":true,"href":"https:\/\/hanvicosaigon.com.vn\/en\/wp-json\/wp\/v2\/product_cat?post=1987"},{"taxonomy":"product_tag","embeddable":true,"href":"https:\/\/hanvicosaigon.com.vn\/en\/wp-json\/wp\/v2\/product_tag?post=1987"}],"curies":[{"name":"wp","href":"https:\/\/api.w.org\/{rel}","templated":true}]}}