{"id":1981,"date":"2024-06-26T09:59:23","date_gmt":"2024-06-26T09:59:23","guid":{"rendered":"https:\/\/hanvicosaigon.com.vn\/?post_type=product&#038;p=1981"},"modified":"2024-12-27T04:31:15","modified_gmt":"2024-12-27T04:31:15","slug":"ga-trang-boc-chun","status":"publish","type":"product","link":"https:\/\/hanvicosaigon.com.vn\/en\/product\/ga-trang-boc-chun\/","title":{"rendered":"Ga tr\u1eafng b\u1ecdc chun kh\u00e1ch s\u1ea1n 5 sao"},"content":{"rendered":"<p>S\u1ea2N PH\u1ea8M GA TR\u1ea2I GI\u01af\u1edcNG HANVICO COTTON M\u00c0U TR\u1eaeNG CAO C\u1ea4P CHU\u1ea8N KH\u00c1CH S\u1ea0N :<\/p>\n<p>&#8211; Ga tr\u1ea3i Hanvico c\u00f3 2 lo\u1ea1i:<\/p>\n<p>+ T\u1ea5m tr\u1ea3i (Ga ph\u1eb3ng): \u0111\u01b0\u1ee3c s\u1ea3n xu\u1ea5t theo ti\u00eau chu\u1ea9n qu\u1ed1c t\u1ebf. M\u1ed7i b\u00ean c\u1ee7a t\u1ea5m tr\u1ea3i ph\u1ee7 \u0111\u1ebfn 40cm d\u1ec5 d\u00e0ng setup d\u01b0\u1edbi \u0111\u1ec7m. S\u1ea3n ph\u1ea9m \u0111\u01b0\u1ee3c t\u00ednh \u0111\u1ed9 co r\u00fat ch\u00ednh x\u00e1c n\u00ean kh\u00f4ng b\u1ecb hao h\u1ee5t sau khi s\u1eed d\u1ee5ng s\u1ea3n ph\u1ea9m. (Li\u00ean h\u1ec7 hotline \u0111\u1ec3 \u0111\u01b0\u1ee3c t\u01b0 v\u1ea5n size v\u00e0 \u0111\u1eb7t h\u00e0ng)<\/p>\n<p>+ Ga chun (Ga b\u1ecdc): L\u1edbp bo chun \u0111\u01b0\u1ee3c may gi\u1ea5u v\u1edbi 3 \u0111\u01b0\u1eddng ch\u1ec9 ch\u1eafc ch\u1eafn kh\u00f4ng nh\u1eefng t\u0103ng t\u00ednh th\u1ea9m m\u1ef9 khi s\u1eed d\u1ee5ng m\u00e0 c\u00f2n tr\u00e1nh bai d\u00e3n sau th\u1eddi gian d\u00e0i s\u1eed d\u1ee5ng.<\/p>\n<p>&#8211; K\u00edch th\u01b0\u1edbc gi\u01b0\u1eddng t\u01b0\u01a1ng \u1ee9ng :<br \/>\n+ D\u00e0nh cho ga tr\u1ea3i ph\u1eb3ng: Li\u00ean h\u1ec7 Hotline \u0111\u1eb7t h\u00e0ng<br \/>\nPh\u00f9 h\u1ee3p cho m\u1ecdi lo\u1ea1i gi\u01b0\u1eddng: 260*280cm<\/p>\n<p>+ D\u00e0nh cho ga tr\u1ea3i chun c\u00f3 s\u1eb5n: (C\u00e1c size phi k\u00edch th\u01b0\u1edbc li\u00ean h\u1ec7 Hotline \u0111\u1ec3 \u0111\u01b0\u1ee3c t\u01b0 v\u1ea5n v\u00e0 \u0111\u1eb7t h\u00e0ng).<br \/>\nGi\u01b0\u1eddng 1m2: 120*200*30cm<br \/>\nGi\u01b0\u1eddng 1m6: 160*200*30cm<br \/>\nGi\u01b0\u1eddng 1m8: 180*200*30cm<\/p>\n<p>L\u01b0u \u00fd : Kh\u00e1ch h\u00e0ng c\u00f3 th\u1ec3 ch\u1ecdn t\u1ea5m tr\u1ea3i ph\u1eb3ng ho\u1eb7c b\u1ecdc chun theo s\u1edf th\u00edch, K\u00edch th\u01b0\u1edbc tr\u00ean ph\u00f9 h\u1ee3p \u0111\u1ec7m c\u00f3 \u0111\u1ed9 cao t\u1eeb 5-30cm<\/p>\n<h3>\u0110\u1eb6C \u0110I\u1ec2M N\u1ed4I B\u1eacT<\/h3>\n<p>\u0110\u1ed9 b\u1ec1n cao: nh\u1edd m\u1eadt \u0111\u1ed9 s\u1ee3i v\u1ea3i trong ch\u1ea5t li\u1ec7u cotton m\u00e0 s\u1ea3n ph\u1ea9m c\u1ee7a tu\u1ed5i th\u1ecd d\u00e0i h\u01a1n nh\u1eefng ga tr\u1ea3i b\u00ecnh th\u01b0\u1eddng, kh\u00f4ng x\u1ea3y ra t\u00ecnh s\u1eddn v\u1ea3i sau 1 th\u1eddi gian s\u1eed d\u1ee5ng<br \/>\nTh\u1ea5m h\u00fat t\u1ed1t, tho\u00e1ng m\u00e1t: Ch\u1ea5t li\u1ec7u c\u00f3 \u0111\u1ed9 tho\u00e1ng m\u00e1t ph\u00f9 h\u1ee3p, m\u00e1t m\u1ebb trong m\u00f9a h\u00e8 v\u00e0 gi\u1eef \u1ea5m t\u1ed1t trong m\u00f9a \u0111\u00f4ng ph\u00f9 h\u1ee3p v\u1edbi th\u1eddi ti\u1ebft kh\u00ed h\u1eadu n\u00f3ng \u1ea9m Vi\u1ec7t Nam<br \/>\nGi\u1eb7t gi\u0169 d\u1ec5 d\u00e0ng: S\u1ea3n ph\u1ea9m m\u1ec1m m\u1ea1i v\u00e0 nh\u1eb9 nh\u00e0ng, ph\u01a1i kh\u00f4 nhanh ch\u00f3ng, gi\u1eef \u0111\u01b0\u1ee3c \u0111\u1ed9 b\u1ed3ng b\u1ec1nh nh\u01b0 l\u00fac ban \u0111\u1ea7u.<br \/>\nMay \u0111o c\u1ea9n th\u1eadn: ga tr\u1ea3i gi\u01b0\u1eddng c\u00f3 s\u1ed1 \u0111o v\u1eeba v\u1eb7n kh\u00f4ng b\u1ecb l\u1ec7ch hay \u0111\u1ee9t ch\u1ec9 trong qu\u00e1 tr\u00ecnh s\u1eed d\u1ee5ng<br \/>\nKh\u00f4ng g\u00e2y k\u00edch \u1ee9ng: Ga tr\u1ea3i Hanvico \u0111\u00e3 tr\u1ea3i qua qu\u00e1 tr\u00ecnh x\u1eed l\u00fd nghi\u00eam ng\u1eb7t n\u00ean ho\u00e0n to\u00e0n d\u1ecbu nh\u1eb9 v\u1edbi l\u00e0n da nh\u1ea1y c\u1ea3m<\/p>\n<h3>TH\u00c0NH PH\u1ea6N V\u00c0 TI\u00caU CHU\u1ea8N V\u1ea2I<\/h3>\n<p>+Ch\u1ea5t li\u1ec7u s\u1ee3i v\u1ea3i: 100% cotton m\u00e0u tr\u1eafng tr\u01a1n, (k\u1ebb s\u1ecdc 3cm, k\u1ebb s\u1ecdc 5cm, k\u1ebb s\u1ecdc 1cm \u2013 \u0111\u1eb7t h\u00e0ng)<br \/>\n+C\u1ee1 s\u1ee3i : 40s x 40s<br \/>\n+Quy c\u00e1ch d\u1ec7t: D\u1ec7t vu\u00f4ng M\u1eadt \u0111\u1ed9 300,400 s\u1ee3i\/ 2,54cm2<br \/>\n+B\u1ec1 m\u1eb7t s\u1ee3i: Ch\u1ea3i k\u1ef9 ch\u1ed1ng x\u00f9 x\u01b0\u1edbc<br \/>\n+Kh\u1ed5 v\u1ea3i t\u1ed1i \u0111a: 290cm I Tr\u1ecdng l\u01b0\u1ee3ng v\u1ea3i 390 grs\/m2<br \/>\n+Quy c\u00e1ch may: \u0110\u01b0\u1eddng bi\u00ean 4 b\u00ean v\u1edbi 2cm m\u1ed7i b\u00ean<br \/>\n+\u0110\u01b0\u1eddng kim: \u0110\u01b0\u1eddng ch\u1ec9 may m\u1eadt \u0111\u1ed9 5 m\u0169i\/ 1cm<br \/>\n+\u0110\u1ed9 co gi\u00e3n t\u1ef7 l\u1ec7 : 3%\/1 m\u00e9t kh\u1ed5 ngang sau 15 l\u1ea7n gi\u1eb7t<br \/>\nL\u01b0u \u00fd S\u1ea3n ph\u1ea9m m\u1edbi s\u1ebd r\u1ed9ng h\u01a1n so v\u1edbi ru\u1ed9t, sau khi gi\u1eb7t 5-7 l\u1ea7n s\u1ebd co l\u1ea1i \u0111\u00fang v\u1edbi k\u00edch th\u01b0\u1edbc ru\u1ed9t<br \/>\n+Xu\u1ea5t x\u1ee9 v\u1ea3i: H\u00e0n Qu\u1ed1c<\/p>\n<h3>CH\u1ee8NG NH\u1eacN<\/h3>\n<p>&#8211; Ti\u00eau chu\u1ea9n s\u1ea3n ph\u1ea9m ph\u00f9 h\u1ee3p v\u1edbi ti\u00eau chu\u1ea9n Ch\u00e2u u OEKO-TEX100 Standard s\u1ed1: 11.09.2904<br \/>\n&#8211; Ti\u00eau chu\u1ea9n s\u1ea3n ph\u1ea9m ph\u00f9 h\u1ee3p v\u1edbi ti\u00eau chu\u1ea9n M\u1ef9: US AATCC s\u1ed1 2708\/11 TK<\/p>\n<h3>H\u01af\u1edaNG D\u1eaaN V\u1ec6 SINH V\u00c0 B\u1ea2O QU\u1ea2N<\/h3>\n<p>&#8211; N\u00ean gi\u1eb7t v\u1edbi n\u01b0\u1edbc \u1ea5m (d\u01b0\u1edbi 60 \u0111\u1ed9), l\u00e0, \u1ee7i \u1edf nhi\u1ec7t \u0111\u1ed9 d\u01b0\u1edbi 180*C.<br \/>\n&#8211; Gi\u1eb7t ga \u0111\u1ecbnh k\u1ef3 \u0111\u1ec1u \u0111\u1eb7n tr\u00e1nh c\u00e1c vi khu\u1ea9n, b\u1ee5i b\u1eb7m b\u00e1m trong ga g\u00e2y \u1ea3nh h\u01b0\u1edfng t\u1edbi s\u1ee9c kh\u1ecfe.<br \/>\n&#8211; B\u1ea3o qu\u1ea3n v\u00e0 c\u1ea5t tr\u1eef \u1edf n\u01a1i kh\u00f4 tho\u00e1ng \u0111\u1ec3 tr\u00e1nh b\u1ecb \u1ea9m, m\u1ed1c.<br \/>\n&#8211; Kh\u00f4ng d\u00f9ng n\u01b0\u1edbc t\u1ea9y m\u1ea1nh. Kh\u00f4ng gi\u1eb7t chung v\u1edbi c\u00e1c s\u1ea3n ph\u1ea9m kh\u00e1c.<br \/>\n&#8211; Tr\u00e1nh ph\u01a1i s\u1ea3n ph\u1ea9m d\u01b0\u1edbi \u00e1nh n\u1eafng m\u1ea1nh<\/p>","protected":false},"excerpt":{"rendered":"<p>S\u1ea2N PH\u1ea8M GA TR\u1ea2I GI\u01af\u1edcNG HANVICO COTTON M\u00c0U TR\u1eaeNG CAO C\u1ea4P CHU\u1ea8N KH\u00c1CH S\u1ea0N : &#8211; Ga tr\u1ea3i Hanvico c\u00f3 2 lo\u1ea1i: + T\u1ea5m tr\u1ea3i (Ga ph\u1eb3ng): \u0111\u01b0\u1ee3c s\u1ea3n xu\u1ea5t theo ti\u00eau chu\u1ea9n qu\u1ed1c t\u1ebf. M\u1ed7i b\u00ean c\u1ee7a t\u1ea5m tr\u1ea3i ph\u1ee7 \u0111\u1ebfn 40cm d\u1ec5 d\u00e0ng setup d\u01b0\u1edbi \u0111\u1ec7m. S\u1ea3n ph\u1ea9m \u0111\u01b0\u1ee3c t\u00ednh \u0111\u1ed9 co r\u00fat [&#8230;]","protected":false},"featured_media":4154,"comment_status":"open","ping_status":"closed","template":"","meta":[],"product_cat":[77],"product_tag":[],"class_list":{"0":"post-1981","1":"product","2":"type-product","3":"status-publish","4":"has-post-thumbnail","6":"product_cat-danh-cho-khach-san","8":"first","9":"instock","10":"shipping-taxable","11":"purchasable","12":"product-type-variable"},"_links":{"self":[{"href":"https:\/\/hanvicosaigon.com.vn\/en\/wp-json\/wp\/v2\/product\/1981","targetHints":{"allow":["GET"]}}],"collection":[{"href":"https:\/\/hanvicosaigon.com.vn\/en\/wp-json\/wp\/v2\/product"}],"about":[{"href":"https:\/\/hanvicosaigon.com.vn\/en\/wp-json\/wp\/v2\/types\/product"}],"replies":[{"embeddable":true,"href":"https:\/\/hanvicosaigon.com.vn\/en\/wp-json\/wp\/v2\/comments?post=1981"}],"wp:featuredmedia":[{"embeddable":true,"href":"https:\/\/hanvicosaigon.com.vn\/en\/wp-json\/wp\/v2\/media\/4154"}],"wp:attachment":[{"href":"https:\/\/hanvicosaigon.com.vn\/en\/wp-json\/wp\/v2\/media?parent=1981"}],"wp:term":[{"taxonomy":"product_cat","embeddable":true,"href":"https:\/\/hanvicosaigon.com.vn\/en\/wp-json\/wp\/v2\/product_cat?post=1981"},{"taxonomy":"product_tag","embeddable":true,"href":"https:\/\/hanvicosaigon.com.vn\/en\/wp-json\/wp\/v2\/product_tag?post=1981"}],"curies":[{"name":"wp","href":"https:\/\/api.w.org\/{rel}","templated":true}]}}