{"id":1971,"date":"2024-06-26T09:25:49","date_gmt":"2024-06-26T09:25:49","guid":{"rendered":"https:\/\/hanvicosaigon.com.vn\/?post_type=product&#038;p=1971"},"modified":"2025-04-08T13:59:42","modified_gmt":"2025-04-08T13:59:42","slug":"khan-khach-san","status":"publish","type":"product","link":"https:\/\/hanvicosaigon.com.vn\/en\/product\/khan-khach-san\/","title":{"rendered":"Kh\u0103n kh\u00e1ch s\u1ea1n 5 sao cao c\u1ea5p"},"content":{"rendered":"<p>Kh\u0103n Hanvico \u0111\u01b0\u1ee3c d\u1ec7t t\u1eeb 100% s\u1ee3i Cotton cao c\u1ea5p th\u1ea5m h\u00fat t\u1ed1t \u0111\u1ea1t chu\u1ea9n kh\u00e1ch s\u1ea1n 5 sao. Kh\u0103n tr\u1eafng d\u00f9 gi\u1eb7t nhi\u1ec1u l\u1ea7n kh\u0103n tr\u00f4ng v\u1eabn lu\u00f4n m\u1edbi, c\u00f3 th\u1ec3 \u1ee9ng d\u1ee5ng l\u00e0m kh\u0103n t\u1eafm cho gia \u0111\u00ecnh, kh\u0103n t\u1eafm cho kh\u00e1ch s\u1ea1n, kh\u0103n spa, kh\u0103n t\u1eafm cho tr\u1ebb em&#8230;<\/p>\n<h3>TH\u00d4NG TIN CHI TI\u1ebeT<\/h3>\n<p>K\u00edch th\u01b0\u1edbc :<br \/>\n+ Kh\u0103n t\u1eafm: 70x140cm\/ 550gram<br \/>\n+ Kh\u0103n tay: 34x70cm\/ 120gram<br \/>\n+ Kh\u0103n m\u1eb7t: 34x34cm\/ 60gram<br \/>\n+ Kh\u0103n tr\u1ea3i : 100x200cm\/<br \/>\n+ Kh\u0103n l\u1ea1nh: 25x25cm<br \/>\n+ Tr\u1ecdng l\u01b0\u1ee3ng d\u1ec7t ti\u00eau chu\u1ea9n: 550gr\/m2<br \/>\n+ Ngu\u1ed3n g\u1ed1c s\u1ee3i : 100% cotton nguy\u00ean ch\u1ea5t cao c\u1ea5p t\u1eeb Pakistan<br \/>\n+ Th\u01b0\u01a1ng hi\u1ec7u : Hanvico<br \/>\n+ S\u1ea3n xu\u1ea5t : Vi\u1ec7t Nam<\/p>\n<h3>\u0110\u1eb6C \u0110I\u1ec2M N\u1ed4I B\u1eacT<\/h3>\n<p>&#8211; \u0110\u1ed9 b\u1ec1n v\u00e0 m\u1ec1m m\u1ea1i th\u1ea5m h\u00fat : \u0110\u01b0\u1ee3c d\u1ec7t b\u1eb1ng 100% cotton k\u00e9o th\u00e0nh v\u00f2ng, c\u1ef1c k\u1ef3 m\u1ec1m m\u1ea1i v\u00e0 tho\u00e1ng kh\u00ed gi\u00fap th\u1ea5m h\u00fat n\u01b0\u1edbc t\u1ed1t h\u01a1n s\u1ee3i cotton th\u01b0\u1eddng, \u0111\u1ed3ng th\u1eddi ch\u1eafc ch\u1eafn v\u00e0 b\u1ec1n \u0111\u1ec3 s\u1eed d\u1ee5ng h\u00e0ng ng\u00e0y. T\u1eadn h\u01b0\u1edfng c\u1ea3m gi\u00e1c tho\u1ea3i m\u00e1i khi qu\u1ea5n m\u00ecnh trong kh\u0103n t\u1eafm sau khi t\u1eafm, lau kh\u00f4 tay ho\u1eb7c lau m\u1eb7t b\u1eb1ng kh\u0103n m\u1eb7t.<br \/>\n&#8211; Ho\u00e0n to\u00e0n an to\u00e0n cho da: Ch\u1ee9ng nh\u1eadn OEKO-TEX100 Standard \u0111\u1ea3m b\u1ea3o r\u1eb1ng t\u1ea5t c\u1ea3 c\u00e1c th\u00e0nh ph\u1ea7n c\u1ee7a s\u1ea3n ph\u1ea9m t\u1eeb s\u1ee3i, cho \u0111\u1ebfn c\u00e1c ph\u1ee5 ki\u1ec7n kh\u00e1c, \u0111\u1ec1u \u0111\u00e3 tr\u1ea3i qua qu\u00e1 tr\u00ecnh ki\u1ec3m tra nghi\u00eam ng\u1eb7t \u0111\u1ec3 \u0111\u1ea3m b\u1ea3o kh\u00f4ng ch\u1ee9a b\u1ea5t k\u1ef3 ch\u1ea5t \u0111\u1ed9c h\u1ea1i n\u00e0o, v\u00e0 an to\u00e0n tuy\u1ec7t \u0111\u1ed1i cho s\u1ee9c kh\u1ecfe v\u00e0 l\u00e0n da c\u1ee7a b\u1ea1n<br \/>\n&#8211; Ho\u00e0n thi\u1ec7n vi\u1ec1n kh\u00e2u \u0111\u00f4i: M\u1ed7i chi\u1ebfc kh\u0103n \u0111\u01b0\u1ee3c ho\u00e0n thi\u1ec7n b\u1eb1ng m\u1ed9t \u0111\u01b0\u1eddng kh\u00e2u \u0111\u00f4i \u1edf vi\u1ec1n \u0111\u1ec3 t\u1ea1o cho ch\u00fang m\u1ed9t c\u1ea1nh s\u1ea1ch s\u1ebd \u0111\u1ed3ng th\u1eddi ng\u0103n kh\u00f4ng cho s\u1ee3i kh\u0103n b\u1ecb bung ra. N\u00f3 c\u00f2n t\u0103ng th\u00eam t\u00ednh th\u1ea9m m\u1ef9 cho b\u1ed9 kh\u0103n t\u1eafm<\/p>\n<h3>\u1ee8NG D\u1ee4NG<\/h3>\n<p>&#8211; S\u1eed d\u1ee5ng kh\u0103n hi\u1ec7u qu\u1ea3 trong ph\u00f2ng t\u1eafm, kh\u00e1ch s\u1ea1n, t\u1ea1i ph\u00f2ng t\u1eadp th\u1ec3 d\u1ee5c, b\u00e3i bi\u1ec3n, b\u00ean h\u1ed3 b\u01a1i, th\u1ea9m m\u1ef9 vi\u1ec7n, spa ho\u1eb7c th\u1eadm ch\u00ed l\u00e0 chuy\u1ebfn \u0111i c\u1eafm tr\u1ea1i.<\/p>\n<h3>H\u01af\u1edaNG D\u1eaaN V\u1ec6 SINH V\u00c0 B\u1ea2O QU\u1ea2N<\/h3>\n<p>&#8211; N\u00ean gi\u1eb7t kh\u0103n th\u01b0\u1eddng xuy\u00ean, \u00edt nh\u1ea5t sau hai l\u1ea7n s\u1eed d\u1ee5ng<br \/>\n&#8211; N\u00ean gi\u1eb7t tay \u1edf l\u1ea7n gi\u1eb7t \u0111\u1ea7u ti\u00ean \u0111\u1ec3 lo\u1ea1i b\u1ecf c\u00e1c b\u1ee5i kh\u0103n c\u00f2n s\u00f3t l\u1ea1i trong qu\u00e1 tr\u00ecnh s\u1ea3n xu\u1ea5t<br \/>\n&#8211; Tr\u00e1nh s\u1eed d\u1ee5ng n\u01b0\u1edbc x\u1ea3 hay ch\u1ea5t t\u1ea9y r\u1eeda m\u1ea1nh tr\u1ef1c ti\u1ebfp l\u00ean b\u1ec1 m\u1eb7t kh\u0103n<br \/>\n&#8211; S\u1ea5y kh\u00f4 \u1edf nhi\u1ec7t \u0111\u1ed9 th\u1ea5p ho\u1eb7c trung b\u00ecnh<br \/>\n&#8211; H\u1ea1n ch\u1ebf \u0111\u1ec3 kh\u0103n \u1edf n\u01a1i qu\u00e1 \u1ea9m \u01b0\u1edbt, s\u1ebd l\u00e0m vi khu\u1ea9n d\u1ec5 sinh s\u00f4i v\u00e0 ph\u00e1t tri\u1ec3n<\/p>","protected":false},"excerpt":{"rendered":"<p>Kh\u0103n Hanvico \u0111\u01b0\u1ee3c d\u1ec7t t\u1eeb 100% s\u1ee3i Cotton cao c\u1ea5p th\u1ea5m h\u00fat t\u1ed1t \u0111\u1ea1t chu\u1ea9n kh\u00e1ch s\u1ea1n 5 sao. Kh\u0103n tr\u1eafng d\u00f9 gi\u1eb7t nhi\u1ec1u l\u1ea7n kh\u0103n tr\u00f4ng v\u1eabn lu\u00f4n m\u1edbi, c\u00f3 th\u1ec3 \u1ee9ng d\u1ee5ng l\u00e0m kh\u0103n t\u1eafm cho gia \u0111\u00ecnh, kh\u0103n t\u1eafm cho kh\u00e1ch s\u1ea1n, kh\u0103n spa, kh\u0103n t\u1eafm cho tr\u1ebb em&#8230; TH\u00d4NG TIN CHI [&#8230;]","protected":false},"featured_media":4155,"comment_status":"open","ping_status":"closed","template":"","meta":[],"product_cat":[77,29],"product_tag":[],"class_list":{"0":"post-1971","1":"product","2":"type-product","3":"status-publish","4":"has-post-thumbnail","6":"product_cat-danh-cho-khach-san","7":"product_cat-khan","9":"first","10":"instock","11":"shipping-taxable","12":"purchasable","13":"product-type-variable"},"_links":{"self":[{"href":"https:\/\/hanvicosaigon.com.vn\/en\/wp-json\/wp\/v2\/product\/1971","targetHints":{"allow":["GET"]}}],"collection":[{"href":"https:\/\/hanvicosaigon.com.vn\/en\/wp-json\/wp\/v2\/product"}],"about":[{"href":"https:\/\/hanvicosaigon.com.vn\/en\/wp-json\/wp\/v2\/types\/product"}],"replies":[{"embeddable":true,"href":"https:\/\/hanvicosaigon.com.vn\/en\/wp-json\/wp\/v2\/comments?post=1971"}],"wp:featuredmedia":[{"embeddable":true,"href":"https:\/\/hanvicosaigon.com.vn\/en\/wp-json\/wp\/v2\/media\/4155"}],"wp:attachment":[{"href":"https:\/\/hanvicosaigon.com.vn\/en\/wp-json\/wp\/v2\/media?parent=1971"}],"wp:term":[{"taxonomy":"product_cat","embeddable":true,"href":"https:\/\/hanvicosaigon.com.vn\/en\/wp-json\/wp\/v2\/product_cat?post=1971"},{"taxonomy":"product_tag","embeddable":true,"href":"https:\/\/hanvicosaigon.com.vn\/en\/wp-json\/wp\/v2\/product_tag?post=1971"}],"curies":[{"name":"wp","href":"https:\/\/api.w.org\/{rel}","templated":true}]}}