{"id":1968,"date":"2024-06-26T09:22:13","date_gmt":"2024-06-26T09:22:13","guid":{"rendered":"https:\/\/hanvicosaigon.com.vn\/?post_type=product&#038;p=1968"},"modified":"2025-10-07T17:28:16","modified_gmt":"2025-10-07T17:28:16","slug":"bao-ve-goi","status":"publish","type":"product","link":"https:\/\/hanvicosaigon.com.vn\/en\/product\/bao-ve-goi\/","title":{"rendered":"B\u1ea3o v\u1ec7 g\u1ed1i kh\u00e1ng khu\u1ea9n"},"content":{"rendered":"<p>S\u1eed d\u1ee5ng t\u1ea5m b\u1ea3o v\u1ec7 g\u1ed1i (Pillow Protection) HANVICO \u0111\u00e1p \u1ee9ng ti\u00eau chu\u1ea9n kh\u00e1ch s\u1ea1n 5 sao s\u1ebd gi\u00fap b\u1ea3o v\u1ec7 chi\u1ebfc g\u1ed1i n\u1eb1m lu\u00f4n s\u1ea1ch s\u1ebd, gi\u1ea3m thi\u1ec3u ch\u1ea5t b\u1ea9n, b\u1ee5i, dung d\u1ecbch b\u00ean ngo\u00e0i tr\u00e0n v\u00e0o ru\u1ed9t g\u1ed1i t\u1eeb \u0111\u00f3 ch\u1ed1ng m\u00f9i, ch\u1ed1ng \u1ea9m cao c\u1ea5p gi\u00fap k\u00e9o d\u00e0i tu\u1ed5i th\u1ecd c\u1ee7a ru\u1ed9t g\u1ed1i ngo\u00e0i mong \u0111\u1ee3i<\/p>\n<h3>\u0110\u1eb6C \u0110I\u1ec2M N\u1ed4I B\u1eacT C\u1ee6A S\u1ea2N PH\u1ea8M B\u1ea2O V\u1ec6 G\u1ed0I HANVICO COTTON M\u00c0U TR\u1eaeNG CH\u1ed0NG M\u00d9I, CH\u1ed0NG \u1ea8M CAO C\u1ea4P<\/h3>\n<p>&#8211; Gi\u1eef g\u1ed1i lu\u00f4n s\u1ea1ch s\u1ebd, ch\u1ed1ng m\u00f9i v\u00e0 ch\u1ed1ng \u1ea9m: \u0111\u00e2y l\u00e0 t\u00e1c d\u1ee5ng l\u1edbn nh\u1ea5t c\u1ee7a t\u1ea5m b\u1ea3o v\u1ec7 g\u1ed1i &#8211; tr\u00e1nh \u0111\u01b0\u1ee3c nhi\u1ec1u t\u00e1c nh\u00e2n g\u00e2y h\u1ea1i cho s\u1ee9c kh\u1ecfe nh\u01b0: n\u1ea5m m\u1ed1c, vi khu\u1ea9n c\u00e1c lo\u1ea1i b\u1ecd r\u1ec7p si\u00eau nh\u1ecf s\u1ed1ng tr\u00ean b\u1ec1 m\u1eb7t g\u1ed1i, \u0111\u1ea3m b\u1ea3o cho chi\u1ebfc g\u1ed1i lu\u00f4n s\u1ea1ch s\u1ebd, th\u01a1m tho nh\u01b0 ban \u0111\u1ea7u.<br \/>\n&#8211; T\u1ea5m b\u1ea3o v\u1ec7 g\u1ed1i gi\u00fap ru\u1ed9t g\u1ed1i kh\u00f4ng b\u1ecb tr\u1ed3i b\u00f4ng hay \u1ed1 v\u00e0ng v\u00ec m\u1ed3 h\u00f4i t\u1eeb \u0111\u00f3 gi\u00fap t\u0103ng tu\u1ed5i th\u1ecd c\u1ee7a ru\u1ed9t g\u1ed1i<br \/>\n&#8211; Ti\u1ec7n l\u1ee3i khi gi\u1eb7t gi\u0169 v\u00e0 b\u1ea3o qu\u1ea3n: D\u1ec5 d\u00e0ng v\u1ec7 sinh thay th\u00e1o, c\u00f3 th\u1ec3 gi\u1eb7t m\u00e1y \u0111\u01b0\u1ee3c<br \/>\nL\u01b0u \u00fd: S\u1ea3n ph\u1ea9m m\u1edbi s\u1ebd r\u1ed9ng h\u01a1n so v\u1edbi ru\u1ed9t, sau khi gi\u1eb7t 5-7 l\u1ea7n s\u1ebd co l\u1ea1i \u0111\u00fang v\u1edbi k\u00edch th\u01b0\u1edbc ru\u1ed9t<\/p>\n<h3>TI\u00caU CHU\u1ea8N<\/h3>\n<p>+ K\u00edch th\u01b0\u1edbc B\u1ea3o v\u1ec7 g\u1ed1i : c\u00f3 3 lo\u1ea1i: 45x65cm, 50x70cm, 60x80cm<br \/>\n+ Xu\u1ea5t x\u1ee9 v\u1ea3i: H\u00e0n Qu\u1ed1c<br \/>\n+ Ch\u1ea5t li\u1ec7u s\u1ee3i v\u1ea3i: 50% cotton + 50% Polyester m\u00e0u tr\u1eafng tr\u01a1n<br \/>\n+ C\u1ee1 s\u1ee3i : 40s x 40s<br \/>\n+ Quy c\u00e1ch d\u1ec7t: D\u1ec7t vu\u00f4ng M\u1eadt \u0111\u1ed9 200 s\u1ee3i\/ 2,54cm2<br \/>\n+ B\u1ec1 m\u1eb7t s\u1ee3i: Ch\u1ea3i k\u1ef9 ch\u1ed1ng x\u00f9 x\u01b0\u1edbc<br \/>\n+ Kh\u1ed5 v\u1ea3i t\u1ed1i \u0111a: 290cm I Tr\u1ecdng l\u01b0\u1ee3ng v\u1ea3i 360 grs\/m2<br \/>\n+ Quy c\u00e1ch may: \u0111\u01b0\u1ee3c thi\u1ebft k\u1ebf v\u00e0 may theo ti\u00eau chu\u1ea9n kh\u00e1ch s\u1ea1n, s\u1eed d\u1ee5ng kh\u00f3a k\u00e9o c\u1eeda mi\u1ec7ng<br \/>\n+ \u0110\u01b0\u1eddng kim: \u0110\u01b0\u1eddng ch\u1ec9 may m\u1eadt \u0111\u1ed9 5 m\u0169i\/ 1cm<br \/>\n+ \u0110\u1ed9 co gi\u00e3n t\u1ef7 l\u1ec7 : 3%\/1 m\u00e9t kh\u1ed5 ngang sau 15 l\u1ea7n gi\u1eb7t<\/p>\n<h3>CH\u1ee8NG NH\u1eacN<\/h3>\n<p>&#8211; Ti\u00eau chu\u1ea9n s\u1ea3n ph\u1ea9m ph\u00f9 h\u1ee3p v\u1edbi ti\u00eau chu\u1ea9n Ch\u00e2u u OEKO-TEX100 Standard s\u1ed1: 11.09.2904<br \/>\n&#8211; Ti\u00eau chu\u1ea9n s\u1ea3n ph\u1ea9m ph\u00f9 h\u1ee3p v\u1edbi ti\u00eau chu\u1ea9n M\u1ef9: US AATCC s\u1ed1 2708\/11 TK<\/p>\n<h3>H\u01af\u1edaNG D\u1eaaN V\u1ec6 SINH V\u00c0 B\u1ea2O QU\u1ea2N<\/h3>\n<p>&#8211; C\u00f3 th\u1ec3 gi\u1eb7t m\u00e1y theo quy tr\u00ecnh b\u00ecnh th\u01b0\u1eddng \u1edf nhi\u1ec7t \u0111\u1ed9 kh\u00f4ng qu\u00e1 60 \u0111\u1ed9<br \/>\n&#8211; C\u00f3 th\u1ec3 s\u1ea5y kh\u00f4 \u1edf nhi\u1ec7t \u0111\u1ed9 th\u1ea5p (d\u01b0\u1edbi 60 \u0111\u1ed9) nh\u01b0ng kh\u00f4ng \u0111\u01b0\u1ee3c gi\u1eb7t kh\u00f4<br \/>\n&#8211; Kh\u00f4ng \u1ee7i, kh\u00f4ng d\u00f9ng ch\u1ea5t t\u1ea9y cho t\u1ea5m b\u1ea3o v\u1ec7 g\u1ed1i<br \/>\n&#8211; Th\u1ec9nh tho\u1ea3ng l\u1ea5y ra gi\u1eb7t c\u00f9ng v\u1ecf g\u1ed1i<\/p>","protected":false},"excerpt":{"rendered":"<p>S\u1eed d\u1ee5ng t\u1ea5m b\u1ea3o v\u1ec7 g\u1ed1i (Pillow Protection) HANVICO \u0111\u00e1p \u1ee9ng ti\u00eau chu\u1ea9n kh\u00e1ch s\u1ea1n 5 sao s\u1ebd gi\u00fap b\u1ea3o v\u1ec7 chi\u1ebfc g\u1ed1i n\u1eb1m lu\u00f4n s\u1ea1ch s\u1ebd, gi\u1ea3m thi\u1ec3u ch\u1ea5t b\u1ea9n, b\u1ee5i, dung d\u1ecbch b\u00ean ngo\u00e0i tr\u00e0n v\u00e0o ru\u1ed9t g\u1ed1i t\u1eeb \u0111\u00f3 ch\u1ed1ng m\u00f9i, ch\u1ed1ng \u1ea9m cao c\u1ea5p gi\u00fap k\u00e9o d\u00e0i tu\u1ed5i th\u1ecd c\u1ee7a ru\u1ed9t [&#8230;]","protected":false},"featured_media":4156,"comment_status":"open","ping_status":"closed","template":"","meta":[],"product_cat":[76,77],"product_tag":[],"class_list":{"0":"post-1968","1":"product","2":"type-product","3":"status-publish","4":"has-post-thumbnail","6":"product_cat-bao-ve-goi","7":"product_cat-danh-cho-khach-san","9":"first","10":"instock","11":"shipping-taxable","12":"purchasable","13":"product-type-variable"},"_links":{"self":[{"href":"https:\/\/hanvicosaigon.com.vn\/en\/wp-json\/wp\/v2\/product\/1968","targetHints":{"allow":["GET"]}}],"collection":[{"href":"https:\/\/hanvicosaigon.com.vn\/en\/wp-json\/wp\/v2\/product"}],"about":[{"href":"https:\/\/hanvicosaigon.com.vn\/en\/wp-json\/wp\/v2\/types\/product"}],"replies":[{"embeddable":true,"href":"https:\/\/hanvicosaigon.com.vn\/en\/wp-json\/wp\/v2\/comments?post=1968"}],"wp:featuredmedia":[{"embeddable":true,"href":"https:\/\/hanvicosaigon.com.vn\/en\/wp-json\/wp\/v2\/media\/4156"}],"wp:attachment":[{"href":"https:\/\/hanvicosaigon.com.vn\/en\/wp-json\/wp\/v2\/media?parent=1968"}],"wp:term":[{"taxonomy":"product_cat","embeddable":true,"href":"https:\/\/hanvicosaigon.com.vn\/en\/wp-json\/wp\/v2\/product_cat?post=1968"},{"taxonomy":"product_tag","embeddable":true,"href":"https:\/\/hanvicosaigon.com.vn\/en\/wp-json\/wp\/v2\/product_tag?post=1968"}],"curies":[{"name":"wp","href":"https:\/\/api.w.org\/{rel}","templated":true}]}}