{"id":1514,"date":"2024-06-16T08:06:57","date_gmt":"2024-06-16T08:06:57","guid":{"rendered":"https:\/\/hanvicosaigon.com.vn\/?post_type=product&#038;p=1514"},"modified":"2024-07-19T03:29:41","modified_gmt":"2024-07-19T03:29:41","slug":"nem-gam-chong-khuan","status":"publish","type":"product","link":"https:\/\/hanvicosaigon.com.vn\/en\/product\/nem-gam-chong-khuan\/","title":{"rendered":"N\u1ec7m g\u1ea5m ch\u1ed1ng khu\u1ea9n"},"content":{"rendered":"<p>&#8211; Nh\u00e3n hi\u1ec7u : Hanvico<br \/>\n&#8211; Xu\u1ea5t x\u1ee9 : Vi\u1ec7t Nam<br \/>\n&#8211; Ch\u1ea5t li\u1ec7u : S\u1ee3i Fresh Ever Silver<br \/>\n&#8211; K\u1ebft c\u1ea5u :<br \/>\n+ V\u1ecf b\u1ecdc \u0111\u1ec7m : S\u1eed d\u1ee5ng v\u1ea3i g\u1ea5m cao c\u1ea5p, nh\u1eadp kh\u1ea9u t\u1eeb H\u00e0n Qu\u1ed1c.<br \/>\n+ L\u00f5i \u0111\u1ec7m : s\u1eed d\u1ee5ng b\u00f4ng kh\u00e1ng khu\u1ea9n nano, gi\u00fap \u0111\u1ec7m h\u1ea1n ch\u1ebf b\u00e1m b\u1ee5i b\u1eadn v\u00e0 c\u00e1c vi khu\u1ea9n c\u00f3 h\u1ea1i cho s\u1ee9c kh\u1ecfe kh\u00e1c trong c\u00e1c m\u1ed9i tr\u01b0\u1eddng<br \/>\n+ Thi\u1ebft k\u1ebf g\u1eadp \u0111\u00f4i, g\u1eadp ba d\u1ec5 d\u00e0ng h\u01a1n trong qu\u00e1 tr\u00ecnh v\u1eadn chuy\u1ec3n<br \/>\n&#8211; N\u00e2ng \u0111\u1ee1 c\u1ed9t s\u1ed1ng, an to\u00e0n v\u1edbi s\u1ee9c kh\u1ecfe ng\u01b0\u1eddi s\u1eed d\u1ee5ng<br \/>\n&#8211; B\u1ea3o h\u00e0nh : 5 n\u0103m l\u00f5i \u0111\u1ec7m<\/p>","protected":false},"excerpt":{"rendered":"<p>&#8211; Nh\u00e3n hi\u1ec7u : Hanvico &#8211; Xu\u1ea5t x\u1ee9 : Vi\u1ec7t Nam &#8211; Ch\u1ea5t li\u1ec7u : S\u1ee3i Fresh Ever Silver &#8211; K\u1ebft c\u1ea5u : + V\u1ecf b\u1ecdc \u0111\u1ec7m : S\u1eed d\u1ee5ng v\u1ea3i g\u1ea5m cao c\u1ea5p, nh\u1eadp kh\u1ea9u t\u1eeb H\u00e0n Qu\u1ed1c. + L\u00f5i \u0111\u1ec7m : s\u1eed d\u1ee5ng b\u00f4ng kh\u00e1ng khu\u1ea9n nano, gi\u00fap \u0111\u1ec7m h\u1ea1n ch\u1ebf b\u00e1m b\u1ee5i [&#8230;]","protected":false},"featured_media":1508,"comment_status":"open","ping_status":"closed","template":"","meta":[],"product_cat":[34,94],"product_tag":[],"class_list":{"0":"post-1514","1":"product","2":"type-product","3":"status-publish","4":"has-post-thumbnail","6":"product_cat-danh-cho-to-am","7":"product_cat-nem-bong","9":"first","10":"instock","11":"shipping-taxable","12":"purchasable","13":"product-type-variable"},"_links":{"self":[{"href":"https:\/\/hanvicosaigon.com.vn\/en\/wp-json\/wp\/v2\/product\/1514","targetHints":{"allow":["GET"]}}],"collection":[{"href":"https:\/\/hanvicosaigon.com.vn\/en\/wp-json\/wp\/v2\/product"}],"about":[{"href":"https:\/\/hanvicosaigon.com.vn\/en\/wp-json\/wp\/v2\/types\/product"}],"replies":[{"embeddable":true,"href":"https:\/\/hanvicosaigon.com.vn\/en\/wp-json\/wp\/v2\/comments?post=1514"}],"wp:featuredmedia":[{"embeddable":true,"href":"https:\/\/hanvicosaigon.com.vn\/en\/wp-json\/wp\/v2\/media\/1508"}],"wp:attachment":[{"href":"https:\/\/hanvicosaigon.com.vn\/en\/wp-json\/wp\/v2\/media?parent=1514"}],"wp:term":[{"taxonomy":"product_cat","embeddable":true,"href":"https:\/\/hanvicosaigon.com.vn\/en\/wp-json\/wp\/v2\/product_cat?post=1514"},{"taxonomy":"product_tag","embeddable":true,"href":"https:\/\/hanvicosaigon.com.vn\/en\/wp-json\/wp\/v2\/product_tag?post=1514"}],"curies":[{"name":"wp","href":"https:\/\/api.w.org\/{rel}","templated":true}]}}