{"id":1486,"date":"2024-06-16T07:55:30","date_gmt":"2024-06-16T07:55:30","guid":{"rendered":"https:\/\/hanvicosaigon.com.vn\/?post_type=product&#038;p=1486"},"modified":"2024-07-19T03:29:20","modified_gmt":"2024-07-19T03:29:20","slug":"nem-bong-chong-khuan","status":"publish","type":"product","link":"https:\/\/hanvicosaigon.com.vn\/en\/product\/nem-bong-chong-khuan\/","title":{"rendered":"N\u1ec7m b\u00f4ng ch\u1ed1ng khu\u1ea9n"},"content":{"rendered":"<p>&#8211; Nh\u00e3n hi\u1ec7u : Hanvico<br \/>\n&#8211; Xu\u1ea5t x\u1ee9 : Vi\u1ec7t Nam<br \/>\n&#8211; Ch\u1ea5t li\u1ec7u : S\u1ee3i Fresh Ever Silver<br \/>\n&#8211; K\u1ebft c\u1ea5u :<br \/>\n+ V\u1ecf b\u1ecdc \u0111\u1ec7m : 100% cotton<br \/>\n+ L\u00f5i \u0111\u1ec7m : B\u00f4ng ch\u1ed1ng khu\u1ea9n c\u00f4ng ngh\u1ec7 Nano b\u1ea1c l\u00e0 s\u1ee3i Fresh Ever Silver. \u0110\u00e2y l\u00e0 lo\u1ea1i s\u1ee3i Polyester, mang \u0111\u1eb7c t\u00ednh ch\u1ed1ng vi tr\u00f9ng cao, n\u00ean c\u00f3 th\u1ec3 lo\u1ea1i \u0111\u1ebfn 99% c\u00e1c lo\u1ea1i vi tr\u00f9ng trong kh\u00f4ng kh\u00ed. Ngo\u00e0i ra, s\u1ee3i n\u00e0y c\u00f2n c\u00f3 kh\u1ea3 n\u0103ng ch\u1ed1ng m\u00f9i b\u1eb1ng c\u00e1ch di\u1ec7t tr\u1eeb s\u1ef1 l\u00e2y lan c\u1ee7a c\u00e1c vi khu\u1ea9n, gi\u00fap ng\u0103n ng\u1eeba s\u1ef1 b\u00e1m l\u1ea1i c\u1ee7a b\u1ee5i b\u1ea9n c\u00f3 trong kh\u00f4ng kh\u00ed .<br \/>\n&#8211; Thi\u1ebft k\u1ebf g\u1eadp \u0111\u00f4i d\u1ec5 d\u00e0ng h\u01a1n trong qu\u00e1 tr\u00ecnh v\u1eadn chuy\u1ec3n<br \/>\n&#8211; N\u00e2ng \u0111\u1ee1 c\u1ed9t s\u1ed1ng, an to\u00e0n v\u1edbi s\u1ee9c kh\u1ecfe ng\u01b0\u1eddi s\u1eed d\u1ee5ng<br \/>\n&#8211; B\u1ea3o h\u00e0nh : 5 n\u0103m l\u00f5i \u0111\u1ec7m<\/p>","protected":false},"excerpt":{"rendered":"<p>&#8211; Nh\u00e3n hi\u1ec7u : Hanvico &#8211; Xu\u1ea5t x\u1ee9 : Vi\u1ec7t Nam &#8211; Ch\u1ea5t li\u1ec7u : S\u1ee3i Fresh Ever Silver &#8211; K\u1ebft c\u1ea5u : + V\u1ecf b\u1ecdc \u0111\u1ec7m : 100% cotton + L\u00f5i \u0111\u1ec7m : B\u00f4ng ch\u1ed1ng khu\u1ea9n c\u00f4ng ngh\u1ec7 Nano b\u1ea1c l\u00e0 s\u1ee3i Fresh Ever Silver. \u0110\u00e2y l\u00e0 lo\u1ea1i s\u1ee3i Polyester, mang \u0111\u1eb7c t\u00ednh ch\u1ed1ng [&#8230;]","protected":false},"featured_media":1512,"comment_status":"open","ping_status":"closed","template":"","meta":[],"product_cat":[34,94],"product_tag":[],"class_list":{"0":"post-1486","1":"product","2":"type-product","3":"status-publish","4":"has-post-thumbnail","6":"product_cat-danh-cho-to-am","7":"product_cat-nem-bong","9":"first","10":"instock","11":"shipping-taxable","12":"purchasable","13":"product-type-variable"},"_links":{"self":[{"href":"https:\/\/hanvicosaigon.com.vn\/en\/wp-json\/wp\/v2\/product\/1486","targetHints":{"allow":["GET"]}}],"collection":[{"href":"https:\/\/hanvicosaigon.com.vn\/en\/wp-json\/wp\/v2\/product"}],"about":[{"href":"https:\/\/hanvicosaigon.com.vn\/en\/wp-json\/wp\/v2\/types\/product"}],"replies":[{"embeddable":true,"href":"https:\/\/hanvicosaigon.com.vn\/en\/wp-json\/wp\/v2\/comments?post=1486"}],"wp:featuredmedia":[{"embeddable":true,"href":"https:\/\/hanvicosaigon.com.vn\/en\/wp-json\/wp\/v2\/media\/1512"}],"wp:attachment":[{"href":"https:\/\/hanvicosaigon.com.vn\/en\/wp-json\/wp\/v2\/media?parent=1486"}],"wp:term":[{"taxonomy":"product_cat","embeddable":true,"href":"https:\/\/hanvicosaigon.com.vn\/en\/wp-json\/wp\/v2\/product_cat?post=1486"},{"taxonomy":"product_tag","embeddable":true,"href":"https:\/\/hanvicosaigon.com.vn\/en\/wp-json\/wp\/v2\/product_tag?post=1486"}],"curies":[{"name":"wp","href":"https:\/\/api.w.org\/{rel}","templated":true}]}}