{"id":1454,"date":"2024-06-16T05:28:45","date_gmt":"2024-06-16T05:28:45","guid":{"rendered":"https:\/\/hanvicosaigon.com.vn\/?page_id=1454"},"modified":"2024-06-16T05:52:18","modified_gmt":"2024-06-16T05:52:18","slug":"faq","status":"publish","type":"page","link":"https:\/\/hanvicosaigon.com.vn\/en\/faq\/","title":{"rendered":"FAQ"},"content":{"rendered":"<div class=\"img has-hover x md-x lg-x y md-y lg-y\" id=\"image_993177215\">\n\t\t\t\t\t\t\t\t<div class=\"img-inner dark\" >\n\t\t\t<img loading=\"lazy\" decoding=\"async\" width=\"1020\" height=\"345\" src=\"https:\/\/hanvicosaigon.com.vn\/wp-content\/uploads\/2024\/06\/hanvico-banner-00-240614.jpg\" class=\"attachment-large size-large\" alt=\"\" \/>\t\t\t\t\t\t\n\t\t\t\t\t<\/div>\n\t\t\t\t\t\t\t\t\n<style>\n#image_993177215 {\n  width: 100%;\n}\n<\/style>\n\t<\/div>\n\t\n\n\t<section class=\"section\" id=\"section_317873077\">\n\t\t<div class=\"bg section-bg fill bg-fill  bg-loaded\" >\n\n\t\t\t\n\t\t\t\n\t\t\t\n\n\t\t<\/div>\n\n\t\t\n\n\t\t<div class=\"section-content relative\">\n\t\t\t\n\n<div class=\"row\"  id=\"row-1799579603\">\n\n\n\t<div id=\"col-1483270172\" class=\"col small-12 large-12\"  >\n\t\t\t\t<div class=\"col-inner text-center\"  >\n\t\t\t\n\t\t\t\n\n<h2>C\u00e2u h\u1ecfi th\u01b0\u1eddng g\u1eb7p<\/h2>\n\n\t\t<\/div>\n\t\t\t\t\t<\/div>\n\n\t\n\n<\/div>\n<div class=\"row align-center row-box-shadow-1\"  id=\"row-1851506628\">\n\n\n\t<div id=\"col-1045435146\" class=\"col medium-10 small-12 large-12\"  >\n\t\t\t\t<div class=\"col-inner\" style=\"background-color:rgb(255,255,255);\" >\n\t\t\t\n\t\t\t\n\n<div class=\"accordion\" rel=\"\">\n\n<div class=\"accordion-item\"><a href=\"#\" class=\"accordion-title plain\"><button class=\"toggle\" aria-label=\"Toggle\"><i class=\"icon-angle-down\"><\/i><\/button><span>S\u1ef1 kh\u00e1c nhau c\u1ee7a k\u1ec7 gi\u01b0\u1eddng theo t\u1eebng ph\u00e2n kh\u00fac kh\u00e1ch s\u1ea1n l\u00e0 g\u00ec?<\/span><\/a><div class=\"accordion-inner\">\n\n<p>\u1ede ph\u00e2n kh\u00fac 4 sao tr\u1edf l\u00ean d\u00f9ng k\u1ec7 th\u00e9p Semi Flex; \u1ede ph\u00e2n kh\u00fac 3 sao d\u00f9ng k\u1ec7 g\u1ed7<\/p>\n\n\n<\/div><\/div>\n<div class=\"accordion-item\"><a href=\"#\" class=\"accordion-title plain\"><button class=\"toggle\" aria-label=\"Toggle\"><i class=\"icon-angle-down\"><\/i><\/button><span>Chi\u1ec1u cao th\u00e0nh ph\u1ea9m \u0111\u1ec7m ph\u00e2n b\u1ed5 theo t\u1eebng ti\u00eau chu\u1ea9n l\u00e0 bao nhi\u00eau?<\/span><\/a><div class=\"accordion-inner\">\n\n<p>Ti\u00eau chu\u1ea9n Luxury 6 sao l\u00e0 32cm; 4 \u2013 5 sao l\u00e0 30cm; 3 sao l\u00e0 21cm<\/p>\n\n\n<\/div><\/div>\n<div class=\"accordion-item\"><a href=\"#\" class=\"accordion-title plain\"><button class=\"toggle\" aria-label=\"Toggle\"><i class=\"icon-angle-down\"><\/i><\/button><span>L\u00e0m c\u00e1ch n\u00e0o \u0111\u1ec3 t\u0103ng tu\u1ed5i th\u1ecd cho \u0111\u1ec7m?<\/span><\/a><div class=\"accordion-inner\">\n\n<p>Th\u1ef1c hi\u1ec7n theo h\u01b0\u1edbng d\u1eabn c\u1ee7a NSX v\u00e0 \u0111\u1ea3o chi\u1ec1u \u0111\u1ec7m th\u01b0\u1eddng xuy\u00ean (T\u1ed1i thi\u1ec3u 3 th\u00e1ng \/ l\u1ea7n)<\/p>\n\n\n<\/div><\/div>\n<div class=\"accordion-item\"><a href=\"#\" class=\"accordion-title plain\"><button class=\"toggle\" aria-label=\"Toggle\"><i class=\"icon-angle-down\"><\/i><\/button><span>Kh\u0103n s\u1ee3i tre c\u00f3 \u01b0u \u0111i\u1ec3m g\u00ec?<\/span><\/a><div class=\"accordion-inner\">\n\n<p>S\u1ee3i ho\u00e0n to\u00e0n t\u1ef1 nhi\u00ean, kh\u00f4ng g\u00e2y k\u00edch \u1ee9ng, \u0111\u1ed9 x\u1ed1p cao, th\u1ea5m h\u00fat t\u1ed1t<\/p>\n\n\n<\/div><\/div>\n<div class=\"accordion-item\"><a href=\"#\" class=\"accordion-title plain\"><button class=\"toggle\" aria-label=\"Toggle\"><i class=\"icon-angle-down\"><\/i><\/button><span>C\u00e1c lo\u1ea1i s\u1ee3i d\u1ec7t n\u00e0o Hanvico \u0111ang s\u1eed d\u1ee5ng cho d\u1ec7t kh\u0103n? Xu\u1ea5t x\u1ee9?<\/span><\/a><div class=\"accordion-inner\">\n\n<p>S\u1ee3i 16\/1, 20\/1, 20\/2, 20\/4, 32\/2, 40\/2,\u2026<br \/>Xu\u1ea5t x\u1ee9: Pakistan, \u1ea4n \u0110\u1ed9, Ai C\u1eadp<\/p>\n\n<\/div><\/div>\n<div class=\"accordion-item\"><a href=\"#\" class=\"accordion-title plain\"><button class=\"toggle\" aria-label=\"Toggle\"><i class=\"icon-angle-down\"><\/i><\/button><span>C\u00f3 th\u1ec3 d\u1ec7t kh\u0103n theo k\u00edch th\u01b0\u1edbc kh\u00e1ch h\u00e0ng y\u00eau c\u1ea7u kh\u00f4ng?<\/span><\/a><div class=\"accordion-inner\">\n\n<p>Ho\u00e0n to\u00e0n c\u00f3 th\u1ec3 d\u1ec7t \u0111\u01b0\u1ee3c nh\u01b0ng y\u00eau c\u1ea7u c\u00f3 s\u1ed1 l\u01b0\u1ee3ng t\u1ed1i thi\u1ec3u k\u00e8m theo cho t\u1eebng k\u00edch th\u01b0\u1edbc kh\u0103n<\/p>\n\n\n<\/div><\/div>\n<div class=\"accordion-item\"><a href=\"#\" class=\"accordion-title plain\"><button class=\"toggle\" aria-label=\"Toggle\"><i class=\"icon-angle-down\"><\/i><\/button><span>B\u1ea1n hi\u1ec3u th\u1ebf n\u00e0o l\u00e0 s\u1ea3n ph\u1ea9m cotton 100%?<\/span><\/a><div class=\"accordion-inner\">\n\n<p>S\u1ea3n ph\u1ea9m \u0111\u01b0\u1ee3c t\u1ea1o th\u00e0nh t\u1eeb s\u1ee3i b\u00f4ng 100% cotton t\u1eeb c\u00e2y b\u00f4ng<\/p>\n\n\n<\/div><\/div>\n<div class=\"accordion-item\"><a href=\"#\" class=\"accordion-title plain\"><button class=\"toggle\" aria-label=\"Toggle\"><i class=\"icon-angle-down\"><\/i><\/button><span>L\u00f4ng c\u00f3 m\u1ea5y lo\u1ea1i c\u01a1 b\u1ea3n?<\/span><\/a><div class=\"accordion-inner\">\n\n<p>C\u00f3 2 lo\u1ea1i c\u01a1 b\u1ea3n l\u00e0 l\u00f4ng t\u01a1 (Down) v\u00e0 l\u00f4ng c\u00e1nh (Feather)<\/p>\n\n\n<\/div><\/div>\n<div class=\"accordion-item\"><a href=\"#\" class=\"accordion-title plain\"><button class=\"toggle\" aria-label=\"Toggle\"><i class=\"icon-angle-down\"><\/i><\/button><span>Ru\u1ed9t ch\u0103n cung c\u1ea5p cho h\u1ec7 th\u1ed1ng kh\u00e1ch s\u1ea1n Vinpearl bao g\u1ed3m nh\u1eefng ch\u1ea5t li\u1ec7u g\u00ec?<\/span><\/a><div class=\"accordion-inner\">\n\n<p>Bao g\u1ed3m ru\u1ed9t ch\u0103n l\u00f4ng cho ti\u00eau chu\u1ea9n Luxury 6 sao v\u00e0 microfiber cho ti\u00eau chu\u1ea9n t\u1eeb 5 sao tr\u1edf xu\u1ed1ng (Kh\u00e1c nhau v\u1ec1 v\u1ea3i b\u1ecdc b\u00ean ngo\u00e0i ru\u1ed9t)<\/p>\n\n\n<\/div><\/div>\n<div class=\"accordion-item\"><a href=\"#\" class=\"accordion-title plain\"><button class=\"toggle\" aria-label=\"Toggle\"><i class=\"icon-angle-down\"><\/i><\/button><span>C\u00e1ch b\u1ed1 tr\u00ed g\u1ed1i theo t\u1eebng ti\u00eau chu\u1ea9n kh\u00e1ch s\u1ea1n Vinpearl c\u00f3 \u0111i\u1ec3m g\u00ec \u0111\u1eb7c bi\u1ec7t?<\/span><\/a><div class=\"accordion-inner\">\n\n<p>Ti\u00eau chu\u1ea9n t\u1eeb 4 sao tr\u1edf l\u00ean s\u1eafp x\u1ebfp 2 lo\u1ea1i g\u1ed1i (to v\u00e0 nh\u1ecf); Ti\u00eau chu\u1ea9n 3 sao ch\u1ec9 c\u00f3 1 lo\u1ea1i g\u1ed1i<\/p>\n\n\n<\/div><\/div>\n<div class=\"accordion-item\"><a href=\"#\" class=\"accordion-title plain\"><button class=\"toggle\" aria-label=\"Toggle\"><i class=\"icon-angle-down\"><\/i><\/button><span>N\u00eau l\u00ean s\u1ef1 kh\u00e1c nhau gi\u1eefa thi\u1ebft k\u1ebf v\u1ecf g\u1ed1i c\u1ee7a t\u1eebng ti\u00eau chu\u1ea9n?<\/span><\/a><div class=\"accordion-inner\">\n\n<p>Ti\u00eau chu\u1ea9n t\u1eeb 5 sao tr\u1edf l\u00ean v\u1ecf g\u1ed1i \u0111\u01b0\u1ee3c thi\u1ebft k\u1ebf may di\u1ec5u (b\u00e8o) xung quanh 5cm v\u00e0 c\u00f3 l\u01b0\u1ee1i g\u00e0 15cm. Ti\u00eau chu\u1ea9n t\u1eeb 4 sao tr\u1edf xu\u1ed1ng v\u1ecfi g\u1ed1i \u0111\u01b0\u1ee3c thi\u1ebft k\u1ebf may th\u00f4ng th\u01b0\u1eddng, c\u00f3 l\u01b0\u1ee1i g\u00e0 15cm.<\/p>\n\n\n<\/div><\/div>\n<div class=\"accordion-item\"><a href=\"#\" class=\"accordion-title plain\"><button class=\"toggle\" aria-label=\"Toggle\"><i class=\"icon-angle-down\"><\/i><\/button><span>L\u00e0m c\u00e1ch n\u00e0o \u0111\u1ec3 ph\u00e2n bi\u1ec7t \u0111\u01b0\u1ee3c v\u1ea3i cotton 100% v\u00e0 v\u1ea3i polyester nhanh nh\u1ea5t?<\/span><\/a><div class=\"accordion-inner\">\n\n<p>C\u00e1ch nhanh nh\u1ea5t \u0111\u1ec3 ph\u00e2n bi\u1ec7t v\u1ea3i cotton 100% v\u00e0 v\u1ea3i polyester l\u00e0 \u0111\u1ed1t tr\u1ef1c ti\u1ebfp. Sau khi ch\u00e1y h\u1ebft n\u1ebfu th\u1ea5y v\u00f3n c\u1ee5c l\u00e0 v\u1ea3i polyester, n\u1ebfu th\u00e0nh tro v\u00e0 kh\u00f4ng b\u1ecb v\u00f3n c\u1ee5c th\u00ec \u0111\u00f3 l\u00e0 v\u1ea3i cotton 100%.<\/p>\n\n\n<\/div><\/div>\n<div class=\"accordion-item\"><a href=\"#\" class=\"accordion-title plain\"><button class=\"toggle\" aria-label=\"Toggle\"><i class=\"icon-angle-down\"><\/i><\/button><span>D\u1ec7t thoi l\u00e0 g\u00ec?<\/span><\/a><div class=\"accordion-inner\">\n\n<p>D\u1ec7t thoi l\u00e0 s\u1ee3i \u0111\u01b0\u1ee3c c\u00e1c con thoi ch\u1ea1y qua l\u1ea1i \u0111\u1ec3 \u0111an v\u00e0o s\u1ee3i n\u1ec1n t\u1ea1o t\u1ea5m v\u1ea3i, \u0111\u00e2y l\u00e0 c\u00f4ng ngh\u1ec7 c\u0169, v\u1ec1 ti\u00eau chu\u1ea9n s\u1ebd th\u1ea5p h\u01a1n v\u00e0 gi\u00e1 th\u00e0nh c\u0169ng s\u1ebd th\u1ea5p h\u01a1n<\/p>\n\n\n<\/div><\/div>\n<div class=\"accordion-item\"><a href=\"#\" class=\"accordion-title plain\"><button class=\"toggle\" aria-label=\"Toggle\"><i class=\"icon-angle-down\"><\/i><\/button><span>D\u1ec7t kh\u00ed l\u00e0 g\u00ec?<\/span><\/a><div class=\"accordion-inner\">\n\n<p>D\u1ec7t kh\u00ed l\u00e0 c\u00f4ng ngh\u1ec7 d\u1ec7t b\u1eafn s\u1ee3i b\u1eb1ng kh\u00ed n\u00e9n, \u0111\u00e2y l\u00e0 1 c\u00f4ng ngh\u1ec7 cao c\u1ea5p \u0111\u00f2i h\u1ecfi \u0111\u1ed9 ch\u00ednh x\u00e1c cao, ch\u1ea5t l\u01b0\u1ee3ng s\u1ee3i dai, \u1ed5n \u0111\u1ecbnh v\u00e0 ch\u1ea5t l\u01b0\u1ee3ng cao \u0111\u1ec3 tr\u00e1nh \u0111\u1ee9t g\u00e3y, h\u01a1n n\u1eefa n\u00f3 ph\u1ea3i l\u00e0 s\u1ee3i d\u00e0i, \u0111\u1ed9 xo\u1eafn t\u1ed1t cho s\u1ee3i \u0111\u00f4i c\u0169ng nh\u01b0 c\u00e1c s\u1ee3i \u0111\u01a1n ch\u1ea3i k\u1ef9, ch\u00ednh v\u00ec v\u1eady ch\u1ea5t l\u01b0\u1ee3ng v\u1ea3i m\u00e0 c\u00f4ng ngh\u1ec7 d\u1ec7t n\u00e0y t\u1ea1o n\u00ean r\u1ea5t ch\u1ea5t l\u01b0\u1ee3ng v\u00e0 ch\u1eafc ch\u1eafn v\u1ec1 m\u1eb7t c\u1ea5u tr\u00fac c\u0169ng nh\u01b0 \u1ed5n \u0111\u1ecbnh v\u1ec1 \u0111\u1ed9 co trong qu\u00e1 tr\u00ecnh s\u1eed d\u1ee5ng, t\u1eeb \u0111\u00f3 ch\u1ea5t l\u01b0\u1ee3ng v\u1ea3i r\u1ea5t b\u1ec1n v\u00e0 \u1ed5n \u0111\u1ecbnh;<\/p>\n\n\n<\/div><\/div>\n<div class=\"accordion-item\"><a href=\"#\" class=\"accordion-title plain\"><button class=\"toggle\" aria-label=\"Toggle\"><i class=\"icon-angle-down\"><\/i><\/button><span>V\u00ec sao ph\u1ea3i \u0111o m\u1eadt \u0111\u1ed9 s\u1ee3i v\u1ea3i?<\/span><\/a><div class=\"accordion-inner\">\n\n<p>\u0110o s\u1ee3i ngang v\u00e0 s\u1ee3i d\u1ecdc \u0111\u1ec3 bi\u1ebft \u0111\u01b0\u1ee3c m\u1eadt \u0111\u1ed9 s\u1ee3i \/ inch vu\u00f4ng v\u00e0 quy c\u00e1ch d\u1ec7t (sateen hay d\u1ec7t th\u01b0\u1eddng, d\u1ec7t kh\u00ed hay d\u1ec7t ki\u1ebfm);<\/p>\n\n\n<\/div><\/div>\n<div class=\"accordion-item\"><a href=\"#\" class=\"accordion-title plain\"><button class=\"toggle\" aria-label=\"Toggle\"><i class=\"icon-angle-down\"><\/i><\/button><span>L\u00e0m c\u00e1ch n\u00e0o \u0111\u1ec3 ki\u1ec3m tra \u0111\u1ed9 b\u1ec1n c\u1ee7a s\u1ee3i v\u1ea3i?<\/span><\/a><div class=\"accordion-inner\">\n\n<p>R\u00fat s\u1ee3i ra \u0111\u1ec3 ki\u1ec3m tra b\u1ec1 m\u1eb7t s\u1ee3i, gi\u1eadt \u0111\u1ec3 ki\u1ec3m tra \u0111\u1ed9 b\u1ec1n v\u00e0 \u0111\u1ed9 ch\u1eafc, n\u1ebfu c\u00f9ng 1 l\u1ef1c nh\u01b0 nhau m\u00e0 c\u1ea5u tr\u00fac d\u1ec5 \u0111\u1ee9t, g\u00e3y h\u01a1n th\u00ec \u0111\u1ed9 b\u1ec1n c\u1ee7a s\u1ee3i d\u1ec5 d\u1ee9t h\u01a1n th\u00ec \u0111\u1ea5y l\u00e0 ch\u1ea5t l\u01b0\u1ee3ng s\u1ee3i k\u00e9m h\u01a1n, s\u1ee3i b\u1ecb x\u00f9 l\u00f4ng b\u1ec1 m\u1eb7t l\u00e0 s\u1ee3i kh\u00f4ng \u0111\u01b0\u1ee3c ch\u1ea3i k\u1ef9;<\/p>\n\n\n<\/div><\/div>\n<div class=\"accordion-item\"><a href=\"#\" class=\"accordion-title plain\"><button class=\"toggle\" aria-label=\"Toggle\"><i class=\"icon-angle-down\"><\/i><\/button><span>\u0110\u1eb7c t\u00ednh quan tr\u1ecdng c\u1ee7a v\u1ea3i b\u1ecdc ngo\u00e0i c\u00e1c s\u1ea3n ph\u1ea9m ru\u1ed9t b\u00f4ng microfiber ho\u1eb7c l\u00f4ng v\u0169 l\u00e0 g\u00ec?<\/span><\/a><div class=\"accordion-inner\">\n\n<p>V\u1ea3i m\u1eb7t ngo\u00e0i c\u1ee7a s\u1ea3n ph\u1ea9m 100% cotton c\u00f3 tr\u00e1ng teflon ch\u1ed1ng x\u00f9 v\u00e0 ch\u1ed1ng n\u01b0\u1edbc (ch\u1ea5t l\u1ecfng) \u0111\u1ec3 ch\u1ed1ng s\u1ee3i l\u00f4ng, b\u00f4ng m\u1ecbn ra ngo\u00e0i;<\/p>\n\n\n<\/div><\/div>\n<div class=\"accordion-item\"><a href=\"#\" class=\"accordion-title plain\"><button class=\"toggle\" aria-label=\"Toggle\"><i class=\"icon-angle-down\"><\/i><\/button><span>N\u00eau 1 c\u00e1ch ki\u1ec3m tra ru\u1ed9t ch\u0103n m\u00e0 b\u1ea1n bi\u1ebft? V\u00ec sao ru\u1ed9t ch\u0103n Hanvico l\u1ea1i c\u00f3 s\u1ef1 kh\u00e1c bi\u1ec7t so v\u1edbi c\u00e1c \u0111\u01a1n v\u1ecb kh\u00e1c?<\/span><\/a><div class=\"accordion-inner\">\n\n<p>Ki\u1ec3m tra b\u1eb1ng c\u00e1ch c\u1eaft ru\u1ed9t ch\u0103n ra \u0111\u1ec3 th\u1ea5y t\u1ed5 ch\u1ee9c c\u1ea5u t\u1ea1o b\u00ean trong, s\u1ea3n ph\u1ea9m c\u1ee7a Hanvico l\u00e0 s\u1ea3n ph\u1ea9m r\u1eddi, kh\u00f4ng d\u1ec7t th\u00e0nh t\u1ea5m, c\u00e1c s\u1ea3n ph\u1ea9m kh\u00e1c c\u1ee7a c\u00e1c \u0111\u01a1n v\u1ecb kh\u00e1c h\u1ea7u h\u1ebft l\u00e0 d\u1ec7t th\u00e0nh t\u1ea5m, hai c\u00f4ng ngh\u1ec7 s\u1ea3n xu\u1ea5t kh\u00e1c nhau t\u1ea1o ra gi\u00e1 tr\u1ecb s\u1eed d\u1ee5ng kh\u00e1c nhau;<\/p>\n\n\n<\/div><\/div>\n<div class=\"accordion-item\"><a href=\"#\" class=\"accordion-title plain\"><button class=\"toggle\" aria-label=\"Toggle\"><i class=\"icon-angle-down\"><\/i><\/button><span>L\u00e0m c\u00e1ch n\u00e0o \u0111\u1ec3 nh\u1eadn bi\u1ebft c\u1ea5u t\u1ea1o c\u1ee7a s\u1ea3n ph\u1ea9m k\u1ec7 gi\u01b0\u1eddng, \u0111\u1ec7m?<\/span><\/a><div class=\"accordion-inner\">\n\n<p>C\u1ea7n b\u00f3c t\u00e1ch 1 s\u1ea3n ph\u1ea9m \u0111\u1ec3 ph\u00e2n t\u00edch c\u1ea5u tr\u00fac, c\u00e1c l\u1edbp, ch\u1ea5t l\u01b0\u1ee3ng c\u00e1c l\u1edbp v\u00e0 c\u1ea3m quan ho\u00e0n thi\u1ec7n.<\/p>\n\n\n<\/div><\/div>\n\n<\/div>\n\n\t\t<\/div>\n\t\t\t\t\t<\/div>\n\n\t\n\n\n<style>\n#row-1851506628 > .col > .col-inner {\n  padding: 0px 0px 0px 0px;\n}\n@media (min-width:550px) {\n  #row-1851506628 > .col > .col-inner {\n    padding: 30px 30px 30px 30px;\n  }\n}\n<\/style>\n<\/div>\n\n\t\t<\/div>\n\n\t\t\n<style>\n#section_317873077 {\n  padding-top: 60px;\n  padding-bottom: 60px;\n  background-color: rgb(255,255,255);\n}\n#section_317873077 .ux-shape-divider--top svg {\n  height: 150px;\n  --divider-top-width: 100%;\n}\n#section_317873077 .ux-shape-divider--bottom svg {\n  height: 150px;\n  --divider-width: 100%;\n}\n<\/style>\n\t<\/section>","protected":false},"excerpt":{"rendered":"","protected":false},"author":1,"featured_media":0,"parent":0,"menu_order":0,"comment_status":"closed","ping_status":"closed","template":"page-blank.php","meta":{"footnotes":""},"class_list":["post-1454","page","type-page","status-publish","hentry"],"_links":{"self":[{"href":"https:\/\/hanvicosaigon.com.vn\/en\/wp-json\/wp\/v2\/pages\/1454","targetHints":{"allow":["GET"]}}],"collection":[{"href":"https:\/\/hanvicosaigon.com.vn\/en\/wp-json\/wp\/v2\/pages"}],"about":[{"href":"https:\/\/hanvicosaigon.com.vn\/en\/wp-json\/wp\/v2\/types\/page"}],"author":[{"embeddable":true,"href":"https:\/\/hanvicosaigon.com.vn\/en\/wp-json\/wp\/v2\/users\/1"}],"replies":[{"embeddable":true,"href":"https:\/\/hanvicosaigon.com.vn\/en\/wp-json\/wp\/v2\/comments?post=1454"}],"version-history":[{"count":8,"href":"https:\/\/hanvicosaigon.com.vn\/en\/wp-json\/wp\/v2\/pages\/1454\/revisions"}],"predecessor-version":[{"id":1462,"href":"https:\/\/hanvicosaigon.com.vn\/en\/wp-json\/wp\/v2\/pages\/1454\/revisions\/1462"}],"wp:attachment":[{"href":"https:\/\/hanvicosaigon.com.vn\/en\/wp-json\/wp\/v2\/media?parent=1454"}],"curies":[{"name":"wp","href":"https:\/\/api.w.org\/{rel}","templated":true}]}}